{"id":1339,"date":"2017-02-01T14:01:53","date_gmt":"2017-02-01T13:01:53","guid":{"rendered":"http:\/\/www.uildmve.org\/?page_id=1339"},"modified":"2018-07-12T12:20:24","modified_gmt":"2018-07-12T10:20:24","slug":"promozione-allo-sport","status":"publish","type":"page","link":"https:\/\/www.uildmve.org\/index.php\/promozione-allo-sport\/","title":{"rendered":"Promozione allo sport"},"content":{"rendered":"<h3>SPORT E DISABILIT\u00c0<\/h3>\n<p>Lo sport per i disabili \u00e8 una pratica relativamente recente. Il primo a capire l&#8217;importanza dell&#8217;attivit\u00e0 sportiva per persone con disabilit\u00e0 motorie \u00e8 stato Ludwig Guttman. Nel 1944, all&#8217;interno del centro di riabilitazione motoria di Stoke Mandeville, cominci\u00f2 a organizzare allenamenti specifici per sollecitare la collaborazione attiva dei disabili.<\/p>\n<p>Altra data importante \u00e8 il 1948, quando sono stati organizzati i primi giochi per atleti disabili a Stoke Mandeville. L&#8217;iniziativa ebbe un cos\u00ec grande successo che dal 1960 diventarono internazionali. Infatti proprio in quell&#8217;anno si tenevano le Olimpiadi a Roma e cos\u00ec vennero organizzate anche le gare per persone con handicap, le prime Paralimpiadi.<\/p>\n<p>A oggi l&#8217;attivit\u00e0 sportiva per disabili \u00e8 molto diffusa. Sono molte le federazioni e le associazioni che organizzano gare e corsi per favorire l&#8217;integrazione umana e sportiva degli atleti con disabilit\u00e0 .<\/p>\n<p>UILDM Venezia per favorire l&#8217;integrazione umana e sportiva delle persone con disabilit\u00e0 a deciso di creare nel 2011 una squadra di wheelchair hockey<\/p>\n<h3>WHEELCHAIR HOCKEY<\/h3>\n<p>L\u2019hockey su carrozzina elettrica nasce quasi per caso nei primi anni \u201970: alcune scuole per studenti disabili del Nord Europa incominciarono a organizzare lezioni di educazione fisica rivolte principalmente a giovani con severo handicap fisico-motorio. A causa delle limitate possibilit\u00e0 atletiche di questi ragazzi, venne scelto un gioco nel quale essi potessero usare un\u2019attrezzatura di materiale estremamente leggero in questo caso una mazza e una pallina da hockey.<\/p>\n<p>A causa della grande somiglianza con l\u2019omonimo sport, questa disciplina venne chiamata hockey, con l\u2019aggiunta della specificazione che si trattava di hockey su carrozzina, e successivamente venne inoltre aggiunto l\u2019aggettivo elettrica, per sottolineare che i partecipanti facevano uso esclusivo, nella vita e nella pratica sportiva, di questo ausilio. Eletric Wheelchair Hockey, in inglese.<\/p>\n<p>In Olanda, dopo alcuni tornei-pilota negli anni 1978\/79, nel 1982 part\u00ec il primo autentico Campionato nazionale. Successivamente, nel 1987 si svolse in Germania il primo torneo internazionale. Nel 1991 questo nuovo sport arriv\u00f2 anche in Italia e nel 1997 esattamente un anno dopo il primo Campionato Italiano debutt\u00f2 a Milano la Nazionale azzurra.<\/p>\n<p>Successivamente nel 2003 viene costituita la <strong>FIWH<\/strong> , riconosciuta nello stesso anno dalla Federazione Italiana Sport Disabili, oggi <strong>CIP<\/strong> (Comitato Italiano Paraolimpico).<\/p>\n<p><a href=\"http:\/\/www.fiwh.info\/vs\/\"><img loading=\"lazy\" decoding=\"async\" class=\"size-full wp-image-1506 alignleft\" src=\"http:\/\/www.uildmve.org\/wp-content\/uploads\/2017\/02\/Fiwh.png\" alt=\"Fiwh\" width=\"218\" height=\"75\" \/><\/a><\/p>\n<p><a href=\"http:\/\/www.cipveneto.it\/\"><img loading=\"lazy\" decoding=\"async\" class=\"alignright wp-image-1508 size-full\" src=\"http:\/\/www.uildmve.org\/wp-content\/uploads\/2017\/02\/Logo-CIP-2_02-1.jpg\" alt=\"Comitato Italiano Paralimpico\" width=\"150\" height=\"140\" \/><\/a><\/p>\n<p>&nbsp;<\/p>\n<p>&nbsp;<\/p>\n<p>&nbsp;<\/p>\n<p>&nbsp;<\/p>\n<h3><\/h3>\n<h3>LE SQUADRE:<\/h3>\n<h3>BLACK LIONS VENEZIA<\/h3>\n<p><a href=\"https:\/\/www.facebook.com\/blacklionsvenezia\/?fref=ts\" target=\"_blank\"><img loading=\"lazy\" decoding=\"async\" class=\"aligncenter wp-image-1509 size-full\" src=\"http:\/\/www.uildmve.org\/wp-content\/uploads\/2017\/02\/14915244_10209953763233068_3413458013417487598_n.jpg\" alt=\"Black Lions Venezia\" width=\"794\" height=\"250\" srcset=\"https:\/\/www.uildmve.org\/wp-content\/uploads\/2017\/02\/14915244_10209953763233068_3413458013417487598_n.jpg 794w, https:\/\/www.uildmve.org\/wp-content\/uploads\/2017\/02\/14915244_10209953763233068_3413458013417487598_n-300x94.jpg 300w, https:\/\/www.uildmve.org\/wp-content\/uploads\/2017\/02\/14915244_10209953763233068_3413458013417487598_n-768x242.jpg 768w\" sizes=\"auto, (max-width: 794px) 100vw, 794px\" \/><\/a><\/p>\n<p>&nbsp;<\/p>\n<p>&nbsp;<\/p>\n<h3>TREVISO BULLS<\/h3>\n<p><a href=\"http:\/\/trevisobulls.altervista.org\/\" target=\"_blank\"><img loading=\"lazy\" decoding=\"async\" class=\"aligncenter wp-image-1510 size-full\" src=\"http:\/\/www.uildmve.org\/wp-content\/uploads\/2017\/02\/treviso.jpg\" alt=\"treviso\" width=\"870\" height=\"250\" srcset=\"https:\/\/www.uildmve.org\/wp-content\/uploads\/2017\/02\/treviso.jpg 870w, https:\/\/www.uildmve.org\/wp-content\/uploads\/2017\/02\/treviso-300x86.jpg 300w, https:\/\/www.uildmve.org\/wp-content\/uploads\/2017\/02\/treviso-768x221.jpg 768w\" sizes=\"auto, (max-width: 870px) 100vw, 870px\" \/><\/a><\/p>\n","protected":false},"excerpt":{"rendered":"<p>SPORT E DISABILIT\u00c0 Lo sport per i disabili \u00e8 una pratica relativamente recente. Il primo a capire l&#8217;importanza dell&#8217;attivit\u00e0 sportiva per persone con disabilit\u00e0 motorie \u00e8 stato Ludwig Guttman. Nel&#8230; <a class=\"read-more-link\" href=\"https:\/\/www.uildmve.org\/index.php\/promozione-allo-sport\/\">Read more &raquo;<\/a><\/p>\n","protected":false},"author":1,"featured_media":0,"parent":0,"menu_order":0,"comment_status":"closed","ping_status":"closed","template":"","meta":{"footnotes":""},"class_list":["post-1339","page","type-page","status-publish","hentry"],"_links":{"self":[{"href":"https:\/\/www.uildmve.org\/index.php\/wp-json\/wp\/v2\/pages\/1339","targetHints":{"allow":["GET"]}}],"collection":[{"href":"https:\/\/www.uildmve.org\/index.php\/wp-json\/wp\/v2\/pages"}],"about":[{"href":"https:\/\/www.uildmve.org\/index.php\/wp-json\/wp\/v2\/types\/page"}],"author":[{"embeddable":true,"href":"https:\/\/www.uildmve.org\/index.php\/wp-json\/wp\/v2\/users\/1"}],"replies":[{"embeddable":true,"href":"https:\/\/www.uildmve.org\/index.php\/wp-json\/wp\/v2\/comments?post=1339"}],"version-history":[{"count":10,"href":"https:\/\/www.uildmve.org\/index.php\/wp-json\/wp\/v2\/pages\/1339\/revisions"}],"predecessor-version":[{"id":2410,"href":"https:\/\/www.uildmve.org\/index.php\/wp-json\/wp\/v2\/pages\/1339\/revisions\/2410"}],"wp:attachment":[{"href":"https:\/\/www.uildmve.org\/index.php\/wp-json\/wp\/v2\/media?parent=1339"}],"curies":[{"name":"wp","href":"https:\/\/api.w.org\/{rel}","templated":true}]}}