{"id":1372,"date":"2017-02-03T10:34:11","date_gmt":"2017-02-03T09:34:11","guid":{"rendered":"http:\/\/www.uildmve.org\/?page_id=1372"},"modified":"2017-06-14T11:58:23","modified_gmt":"2017-06-14T09:58:23","slug":"sede-di-cavallino-treporti","status":"publish","type":"page","link":"https:\/\/www.uildmve.org\/index.php\/sede-di-cavallino-treporti\/","title":{"rendered":"Sportello di Cavallino &#8211; Treporti"},"content":{"rendered":"<div class=\"entry-content\">\n<p>Il Comune di Cavallino-Treporti\u00a0in collaborazione con l\u2019associazione locale U.I.L.D.M.\u00a0al fine di agevolare l\u2019accesso dei cittadini alle\u00a0informazione ha attivato uno sportello integrato allo\u00a0scopo di sostenere il cittadino utente nell\u2019ambito di alcune attivit\u00e0 a valenza socio sanitaria.<br \/>\nLo Sportello Integrato gestisce, per quanto possibile, l\u2019informazione, l\u2019orientamento e la\u00a0distribuzione della modulistica, l\u2019accoglienza della domanda e l\u2019inoltro ad eventuali altri servizi\u00a0di competenza, con i quali manterr\u00e0 i contatti per tenere aggiornata l\u2019utenza sul prosieguo\u00a0dell\u2019iter richiesto, al fine di garantire la semplificazione delle procedure amministrative e il\u00a0diritto d\u2019accesso ai servizi socio-sanitari.<\/p>\n<h3>Indirizzo:<\/h3>\n<p>Lo sportello si trova in Via Concordia, 37b \u2013 localit\u00e0 Ca\u2019Savio (sul retro della Biblioteca Comunale).<img loading=\"lazy\" decoding=\"async\" class=\"size-full wp-image-1616 alignright\" src=\"http:\/\/www.uildmve.org\/wp-content\/uploads\/2017\/02\/Segratariato-Cavallino.jpg\" sizes=\"auto, (max-width: 322px) 100vw, 322px\" srcset=\"http:\/\/www.uildmve.org\/wp-content\/uploads\/2017\/02\/Segratariato-Cavallino-300x199.jpg 300w, http:\/\/www.uildmve.org\/wp-content\/uploads\/2017\/02\/Segratariato-Cavallino.jpg 322w\" alt=\"Segratariato Cavallino\" width=\"322\" height=\"214\" \/><\/p>\n<h3>Telefono:<\/h3>\n<p>393 9075476<\/p>\n<h3>Orari di apertura:<\/h3>\n<p>Dal luned\u00ec al gioved\u00ec dalle 9 alle 13 ed il venerd\u00ec dalle 9 alle 12<\/p>\n<h3><strong>Attivit\u00e0:<\/strong><\/h3>\n<p>1) informazione di carattere generale (es. ubicazione, servizi presenti):<br \/>\n\u2013 attivit\u00e0 dei servizi sociali comunali<br \/>\n\u2013 ubicazione CAF nel territorio comunale<br \/>\n\u2013 procedura per riconoscimento invalidit\u00e0 civile<br \/>\n\u2013 procedura per riconoscimento stato di handicap (l. 104\/1992)<br \/>\n\u2013 procedura per riconoscimento disabilit\u00e0 (l. 68\/1999)<\/p>\n<p>2) consegna, ritiro e verifica della modulistica per:<br \/>\n\u2013 richiesta certificazione dell\u2019handicap ai fini dell\u2019integrazione scolastica<br \/>\n\u2013 servizi di telesoccorso\/telecontrollo<br \/>\n\u2013 impegnativa di cura domiciliare (ex assegno di cura e Vita Indipendente)<br \/>\n\u2013 ottenere presidi per incontinenza<br \/>\n\u2013 assistenza socio sanitaria territoriale (ingresso in strutture socio sanitarie esanitarie extraospedaliere, servizi domiciliari)<br \/>\n\u2013 scheda svama (Scheda Valutazione Multidimensionale Anziano)<br \/>\n\u2013 scheda svamdi (Scheda di Valutazione Multidimensionale Disabili)<\/p>\n<p>3) invio personalizzato ai servizi dei casi complessi<\/p>\n<\/div>\n","protected":false},"excerpt":{"rendered":"<p>Il Comune di Cavallino-Treporti\u00a0in collaborazione con l\u2019associazione locale U.I.L.D.M.\u00a0al fine di agevolare l\u2019accesso dei cittadini alle\u00a0informazione ha attivato uno sportello integrato allo\u00a0scopo di sostenere il cittadino utente nell\u2019ambito di alcune&#8230; <a class=\"read-more-link\" href=\"https:\/\/www.uildmve.org\/index.php\/sede-di-cavallino-treporti\/\">Read more &raquo;<\/a><\/p>\n","protected":false},"author":1,"featured_media":0,"parent":0,"menu_order":0,"comment_status":"closed","ping_status":"closed","template":"","meta":{"footnotes":""},"class_list":["post-1372","page","type-page","status-publish","hentry"],"_links":{"self":[{"href":"https:\/\/www.uildmve.org\/index.php\/wp-json\/wp\/v2\/pages\/1372","targetHints":{"allow":["GET"]}}],"collection":[{"href":"https:\/\/www.uildmve.org\/index.php\/wp-json\/wp\/v2\/pages"}],"about":[{"href":"https:\/\/www.uildmve.org\/index.php\/wp-json\/wp\/v2\/types\/page"}],"author":[{"embeddable":true,"href":"https:\/\/www.uildmve.org\/index.php\/wp-json\/wp\/v2\/users\/1"}],"replies":[{"embeddable":true,"href":"https:\/\/www.uildmve.org\/index.php\/wp-json\/wp\/v2\/comments?post=1372"}],"version-history":[{"count":7,"href":"https:\/\/www.uildmve.org\/index.php\/wp-json\/wp\/v2\/pages\/1372\/revisions"}],"predecessor-version":[{"id":2028,"href":"https:\/\/www.uildmve.org\/index.php\/wp-json\/wp\/v2\/pages\/1372\/revisions\/2028"}],"wp:attachment":[{"href":"https:\/\/www.uildmve.org\/index.php\/wp-json\/wp\/v2\/media?parent=1372"}],"curies":[{"name":"wp","href":"https:\/\/api.w.org\/{rel}","templated":true}]}}