{"id":1376,"date":"2017-02-03T11:40:49","date_gmt":"2017-02-03T10:40:49","guid":{"rendered":"http:\/\/www.uildmve.org\/?page_id=1376"},"modified":"2022-11-11T13:04:39","modified_gmt":"2022-11-11T12:04:39","slug":"news","status":"publish","type":"page","link":"https:\/\/www.uildmve.org\/index.php\/news\/","title":{"rendered":"NEWS"},"content":{"rendered":"<h2 style=\"text-align: center;\"><a href=\"http:\/\/www.uildmve.org\/wp-content\/uploads\/2022\/11\/DM-Riabilita-FVS-Gestione-rischio-clinico-30.11.2022_page-0001.jpg\" rel=\"attachment wp-att-2622\"><img loading=\"lazy\" decoding=\"async\" class=\"aligncenter size-large wp-image-2622\" src=\"http:\/\/www.uildmve.org\/wp-content\/uploads\/2022\/11\/DM-Riabilita-FVS-Gestione-rischio-clinico-30.11.2022_page-0001-724x1024.jpg\" alt=\"DM Riabilita - FVS - Gestione rischio clinico 30.11.2022_page-0001\" width=\"625\" height=\"884\" srcset=\"https:\/\/www.uildmve.org\/wp-content\/uploads\/2022\/11\/DM-Riabilita-FVS-Gestione-rischio-clinico-30.11.2022_page-0001-724x1024.jpg 724w, https:\/\/www.uildmve.org\/wp-content\/uploads\/2022\/11\/DM-Riabilita-FVS-Gestione-rischio-clinico-30.11.2022_page-0001-212x300.jpg 212w, https:\/\/www.uildmve.org\/wp-content\/uploads\/2022\/11\/DM-Riabilita-FVS-Gestione-rischio-clinico-30.11.2022_page-0001-768x1086.jpg 768w, https:\/\/www.uildmve.org\/wp-content\/uploads\/2022\/11\/DM-Riabilita-FVS-Gestione-rischio-clinico-30.11.2022_page-0001-624x882.jpg 624w, https:\/\/www.uildmve.org\/wp-content\/uploads\/2022\/11\/DM-Riabilita-FVS-Gestione-rischio-clinico-30.11.2022_page-0001.jpg 1241w\" sizes=\"auto, (max-width: 625px) 100vw, 625px\" \/><\/a><\/h2>\n<h2 style=\"text-align: center;\"><a href=\"http:\/\/www.uildmve.org\/wp-content\/uploads\/2022\/11\/DM-Riabilita-KINESIO-TAPING-Brochure-v.05092022_page-0001.jpg\" rel=\"attachment wp-att-2621\"><img loading=\"lazy\" decoding=\"async\" class=\"aligncenter size-large wp-image-2621\" src=\"http:\/\/www.uildmve.org\/wp-content\/uploads\/2022\/11\/DM-Riabilita-KINESIO-TAPING-Brochure-v.05092022_page-0001-724x1024.jpg\" alt=\"DM Riabilita - KINESIO TAPING - Brochure v.05092022_page-0001\" width=\"625\" height=\"884\" srcset=\"https:\/\/www.uildmve.org\/wp-content\/uploads\/2022\/11\/DM-Riabilita-KINESIO-TAPING-Brochure-v.05092022_page-0001-724x1024.jpg 724w, https:\/\/www.uildmve.org\/wp-content\/uploads\/2022\/11\/DM-Riabilita-KINESIO-TAPING-Brochure-v.05092022_page-0001-212x300.jpg 212w, https:\/\/www.uildmve.org\/wp-content\/uploads\/2022\/11\/DM-Riabilita-KINESIO-TAPING-Brochure-v.05092022_page-0001-768x1086.jpg 768w, https:\/\/www.uildmve.org\/wp-content\/uploads\/2022\/11\/DM-Riabilita-KINESIO-TAPING-Brochure-v.05092022_page-0001-624x882.jpg 624w, https:\/\/www.uildmve.org\/wp-content\/uploads\/2022\/11\/DM-Riabilita-KINESIO-TAPING-Brochure-v.05092022_page-0001.jpg 1241w\" sizes=\"auto, (max-width: 625px) 100vw, 625px\" \/><\/a><\/h2>\n<h2 style=\"text-align: center;\"><a href=\"http:\/\/www.uildmve.org\/wp-content\/uploads\/2017\/02\/Cattura-1.png\" rel=\"attachment wp-att-2071\"><img loading=\"lazy\" decoding=\"async\" class=\"aligncenter size-full wp-image-2071\" src=\"http:\/\/www.uildmve.org\/wp-content\/uploads\/2017\/02\/Cattura-1.png\" alt=\"Cattura\" width=\"1228\" height=\"948\" srcset=\"https:\/\/www.uildmve.org\/wp-content\/uploads\/2017\/02\/Cattura-1.png 1228w, https:\/\/www.uildmve.org\/wp-content\/uploads\/2017\/02\/Cattura-1-300x232.png 300w, https:\/\/www.uildmve.org\/wp-content\/uploads\/2017\/02\/Cattura-1-768x593.png 768w, https:\/\/www.uildmve.org\/wp-content\/uploads\/2017\/02\/Cattura-1-1024x791.png 1024w\" sizes=\"auto, (max-width: 1228px) 100vw, 1228px\" \/><\/a><\/h2>\n<hr \/>\n<p>&nbsp;<\/p>\n<h2 style=\"text-align: center;\"><a href=\"http:\/\/www.uildmve.org\/wp-content\/uploads\/2017\/02\/2AlpinFest-UILDM-001.jpg\" rel=\"attachment wp-att-2059\"><img loading=\"lazy\" decoding=\"async\" class=\"aligncenter wp-image-2059\" src=\"http:\/\/www.uildmve.org\/wp-content\/uploads\/2017\/02\/2AlpinFest-UILDM-001.jpg\" alt=\"Alpinfest\" width=\"616\" height=\"871\" srcset=\"https:\/\/www.uildmve.org\/wp-content\/uploads\/2017\/02\/2AlpinFest-UILDM-001.jpg 2481w, https:\/\/www.uildmve.org\/wp-content\/uploads\/2017\/02\/2AlpinFest-UILDM-001-212x300.jpg 212w, https:\/\/www.uildmve.org\/wp-content\/uploads\/2017\/02\/2AlpinFest-UILDM-001-768x1086.jpg 768w, https:\/\/www.uildmve.org\/wp-content\/uploads\/2017\/02\/2AlpinFest-UILDM-001-724x1024.jpg 724w\" sizes=\"auto, (max-width: 616px) 100vw, 616px\" \/><\/a><\/h2>\n<hr \/>\n<h2 style=\"text-align: center;\"><\/h2>\n<h3 style=\"text-align: center;\">\u00a0Marted\u00ec 4 aprile 2017 \u2013 UILDM A ROMA CONTRO I TAGLI AL FONDO PER LE PERSONE CON DISABILIT\u00c0<\/h3>\n<p class=\"ox-549b4d5d0c-MsoNormal\" align=\"center\"><i>Il Presidente Rasconi: \u00abLo sviluppo degli strumenti medici deve andare<\/i><\/p>\n<p class=\"ox-549b4d5d0c-MsoNormal\" align=\"center\"><i>di pari passo con un investimento sociale\u00bb<\/i><\/p>\n<p class=\"ox-549b4d5d0c-MsoNormal\"><i>\u00a0<\/i><\/p>\n<p class=\"ox-549b4d5d0c-MsoNormal\"><i>\u00a0<\/i><\/p>\n<p class=\"ox-549b4d5d0c-MsoNormal\" style=\"text-align: center;\"><b>Marted\u00ec 4 aprile 2017 <\/b>UILDM, insieme ad AISLA (Associazione Italiana Sclerosi Laterale Amiotrofica), Viva La Vita Italia Onlus, Famiglie SMA (Genitori per la ricerca sull\u2019atrofia muscolare spinale), ConSLAncio Onlus, ASAMSI (Associazione per lo Studio delle Atrofie Muscolari Spinali Infantili) e molte altre Associazioni <b>sar\u00e0 a Roma con una propria delegazione<\/b> per protestare contro il taglio di 50 milioni di euro al Fondo per le Non Autosufficienze (FNA), che passa da 500 a 450 milioni. Le forbici sono calate anche sul Fondo per le Politiche sociali, che da 313 passa a 99 milioni.<\/p>\n<p class=\"ox-549b4d5d0c-MsoNormal\" style=\"text-align: center;\">\u00abL\u2019allargamento della platea dei beneficiari e il non adeguamento del Fondo sono una criticit\u00e0 che compromette la possibilit\u00e0 di una pi\u00f9 soddisfacente qualit\u00e0 della vita di tutte le persone con disabilit\u00e0 motoria grave e non solo. \u2013 spiega il <b>Presidente nazionale UILDM, Marco Rasconi<\/b> \u2013\u00a0 Negli anni lo sviluppo degli strumenti medici ha permesso un allungamento della speranza di vita e un miglioramento delle condizioni fisiche delle persone che rappresentiamo. Tale sviluppo deve per\u00f2 andare di pari passo con un investimento sociale che sostenga questi strumenti e garantisca un buon livello di vita a tutte le persone con disabilit\u00e0. Ci auguriamo che la nostra voce possa permettere uno scatto culturale verso un paese sempre pi\u00f9 inclusivo\u00bb.<\/p>\n<p class=\"ox-549b4d5d0c-MsoNormal\" style=\"text-align: center;\">SCARICA IL COMUNICATO:\u00a0<a href=\"http:\/\/www.uildmve.org\/wp-content\/uploads\/2017\/03\/ComStampa_UILDM-e-i-tagli-al-FNA.pdf\" rel=\"\">ComStampa_UILDM e i tagli al FNA<\/a><\/p>\n<p class=\"ox-549b4d5d0c-MsoNormal\" style=\"text-align: center;\">Padova, 17 marzo 2017<\/p>\n<p class=\"ox-549b4d5d0c-MsoNormal\" style=\"text-align: center;\">Crizia Narduzzo<\/p>\n<p class=\"ox-549b4d5d0c-MsoNormal\" style=\"text-align: center;\"><i>Ufficio Stampa e Comunicazione<\/i><\/p>\n<p class=\"ox-549b4d5d0c-MsoNormal\" style=\"text-align: center;\"><i>UILDM ONLUS \u2013 Direzione Nazionale<\/i><\/p>\n<p class=\"ox-549b4d5d0c-MsoNormal\" style=\"text-align: center;\">Tel. 049\/8021001<\/p>\n<p class=\"ox-549b4d5d0c-MsoNormal\" style=\"text-align: center;\"><a href=\"http:\/\/uildm.org\">UILDM Nazionale<\/a><\/p>\n<p class=\"ox-549b4d5d0c-MsoNormal\" style=\"text-align: center;\">Seguici su: <a href=\"https:\/\/www.facebook.com\/uildm.naz\/\">Facebook<\/a> &#8211; <a href=\"https:\/\/twitter.com\/UILDMnazionale\">Twitter<\/a> &#8211; <a href=\"https:\/\/www.instagram.com\/uildm_nazionale\/\">Instagram <\/a><\/p>\n<hr \/>\n<h2 style=\"text-align: center;\">XV Conferenza Internazionale su Duchenne e Becker<\/h2>\n<p style=\"text-align: center;\"><img loading=\"lazy\" decoding=\"async\" class=\"aligncenter wp-image-1513 size-full\" src=\"http:\/\/www.uildmve.org\/wp-content\/uploads\/2017\/02\/Logo-conferenza-duchenne.png\" alt=\"Logo conferenza duchenne\" width=\"150\" height=\"80\" \/><\/p>\n<p style=\"text-align: center;\">Dal <strong>17 al 19 febbraio<\/strong>,<strong>\u00a0<\/strong>a<strong> Roma<\/strong> (Ergife Palace Hotel), si terr\u00e0 la <em>XV Conferenza Internazionale sulla Distrofia Muscolare di Duchenne e Becker,<\/em>\u00a0un momento di sensibilizzazione e informazione dedicato in particolare alle famiglie e alle persone colpite dalla malattia che hanno l\u2019opportunit\u00e0 di approfondire il tema dei progressi della ricerca, ma anche \u00abdi incontrarsi e mettere insieme forze e sostegno reciproco \u2013 spiegano i promotori di Parent Project Onlus.<\/p>\n<p style=\"text-align: center;\">Per ulteriori informazioni clicca il qui sotto<\/p>\n<h3 style=\"text-align: center;\"><a href=\"http:\/\/www.uildm.org\/2017\/02\/13\/a-roma-xv-conferenza-internazionale-su-duchenne-e-becker\/\">XV Conferenza Internazionale su Duchenne e Becker<\/a><\/h3>\n<hr \/>\n<p>&nbsp;<\/p>\n<h2 style=\"text-align: center;\">CENA DI CARNEVALE<\/h2>\n<h2 style=\"text-align: center;\"><img loading=\"lazy\" decoding=\"async\" class=\"aligncenter wp-image-1495 size-full\" src=\"http:\/\/www.uildmve.org\/wp-content\/uploads\/2017\/02\/cena-di-carnevale-2017.jpg\" alt=\"cena di carnevale 2017\" width=\"576\" height=\"800\" srcset=\"https:\/\/www.uildmve.org\/wp-content\/uploads\/2017\/02\/cena-di-carnevale-2017.jpg 576w, https:\/\/www.uildmve.org\/wp-content\/uploads\/2017\/02\/cena-di-carnevale-2017-216x300.jpg 216w\" sizes=\"auto, (max-width: 576px) 100vw, 576px\" \/><\/h2>\n<hr \/>\n<div class=\"posthead\">\n<h2 style=\"text-align: center;\">\u00a0WHEELCHAIR GP<\/h2>\n<p style=\"text-align: center;\">Vi segnaliamo un fantastico evento organizzato UILDM di Varese &#8220;Wheelchair GP&#8221; Gara di carrozzine elettriche in piste di go-kart al coperto.<\/p>\n<p style=\"text-align: center;\"><a href=\"http:\/\/www.uildmve.org\/wp-content\/uploads\/2017\/03\/13567445_556984291147154_4656955545639175865_n.jpg\" rel=\"attachment wp-att-1657\"><img loading=\"lazy\" decoding=\"async\" class=\"aligncenter size-full wp-image-1657\" src=\"http:\/\/www.uildmve.org\/wp-content\/uploads\/2017\/03\/13567445_556984291147154_4656955545639175865_n.jpg\" alt=\"Wheelchair GP\" width=\"960\" height=\"637\" srcset=\"https:\/\/www.uildmve.org\/wp-content\/uploads\/2017\/03\/13567445_556984291147154_4656955545639175865_n.jpg 960w, https:\/\/www.uildmve.org\/wp-content\/uploads\/2017\/03\/13567445_556984291147154_4656955545639175865_n-300x199.jpg 300w, https:\/\/www.uildmve.org\/wp-content\/uploads\/2017\/03\/13567445_556984291147154_4656955545639175865_n-768x510.jpg 768w\" sizes=\"auto, (max-width: 960px) 100vw, 960px\" \/><\/a><\/p>\n<p style=\"text-align: center;\">MONIGA DEL GARDA (BS)<\/p>\n<p style=\"text-align: center;\">VENERD\u00cc 7 APRILE POMERIGGIO<\/p>\n<p style=\"text-align: center;\">INTERNATIONAL KART INDOOR MONIGA<\/p>\n<p style=\"text-align: center;\">VIA PERGOLA<\/p>\n<p style=\"text-align: center;\">Per chi volesse iscriversi alla gara, questo \u00e8 il MODULO D\u2019ISCRIZIONE:<\/p>\n<h3 style=\"text-align: center;\"><a href=\"https:\/\/docs.google.com\/forms\/d\/1fMwoQcEGleetH7Tp33RA17-a9Y7a9qEu5ecjFXFRXzA\/viewform?edit_requested=true\" target=\"_blank\"><wbr \/><\/a><a href=\"https:\/\/docs.google.com\/forms\/d\/1fMwoQcEGleetH7Tp33RA17-a9Y7a9qEu5ecjFXFRXzA\/viewform?edit_requested=true\">MODULO D&#8217;ISCRIZIONE<\/a><\/h3>\n<p style=\"text-align: center;\">Qui sotto potrete vedere un<\/p>\n<h3 style=\"text-align: center;\"><a href=\"https:\/\/www.youtube.com\/watch?v=7-my-B17Ofg\">BREVE VIDEO DIMOSTRATIVO<\/a><\/h3>\n<hr \/>\n<p>&nbsp;<\/p>\n<h2 style=\"text-align: center;\"><a href=\"http:\/\/www.uildmve.org\/wp-content\/uploads\/2017\/02\/A3-DANCE-ABILITY-001.jpg\" rel=\"attachment wp-att-1557\"><img loading=\"lazy\" decoding=\"async\" class=\"aligncenter wp-image-1557\" src=\"http:\/\/www.uildmve.org\/wp-content\/uploads\/2017\/02\/A3-DANCE-ABILITY-001.jpg\" alt=\"DANCE ABILITY\" width=\"482\" height=\"682\" srcset=\"https:\/\/www.uildmve.org\/wp-content\/uploads\/2017\/02\/A3-DANCE-ABILITY-001.jpg 3508w, https:\/\/www.uildmve.org\/wp-content\/uploads\/2017\/02\/A3-DANCE-ABILITY-001-212x300.jpg 212w, https:\/\/www.uildmve.org\/wp-content\/uploads\/2017\/02\/A3-DANCE-ABILITY-001-768x1086.jpg 768w, https:\/\/www.uildmve.org\/wp-content\/uploads\/2017\/02\/A3-DANCE-ABILITY-001-724x1024.jpg 724w\" sizes=\"auto, (max-width: 482px) 100vw, 482px\" \/><\/a><\/h2>\n<hr \/>\n<h2 style=\"text-align: center;\"><\/h2>\n<h2 style=\"text-align: center;\">\u00a0GIORNATA MALATTIE NEUROMUSCOLARI<\/h2>\n<p style=\"text-align: center;\"><a href=\"http:\/\/www.uildmve.org\/wp-content\/uploads\/2017\/02\/GMN2017-social.png\" rel=\"attachment wp-att-1451\"><img loading=\"lazy\" decoding=\"async\" class=\"aligncenter size-full wp-image-1451\" src=\"http:\/\/www.uildmve.org\/wp-content\/uploads\/2017\/02\/GMN2017-social.png\" alt=\"GMN2017 - social\" width=\"708\" height=\"393\" srcset=\"https:\/\/www.uildmve.org\/wp-content\/uploads\/2017\/02\/GMN2017-social.png 708w, https:\/\/www.uildmve.org\/wp-content\/uploads\/2017\/02\/GMN2017-social-300x167.png 300w\" sizes=\"auto, (max-width: 708px) 100vw, 708px\" \/><\/a>Sabato 4 marzo l&#8217;Associazione Italiana di Miologia (AIM) e l&#8217;Associazione Italiana per lo studio sul Sistema Nervoso Periferico (AISP), insieme all\u2019Alleanza per le Malattie Neuromuscolari, organizzano una Giornata di approfondimento e divulgazione sulle Malattie Neuromuscolari (GMN).<\/p>\n<p style=\"text-align: center;\">L\u2019evento si svolger\u00e0 contemporaneamente in pi\u00f9 sedi, allo scopo di offrire un aggiornamento sullo stato dell\u2019arte a livello nazionale, regionale e territoriale riguardo diagnosi, terapia e presa in carico dei pazienti.<\/p>\n<p style=\"text-align: center;\">Le citt\u00e0 che ospiteranno la prima edizione della GMN sono:<\/p>\n<p style=\"text-align: center;\">Ancona, Bari, Bologna, Brescia, Genova, Messina, Milano, Napoli, Parma, Pisa, Roma, Torino, Udine, Verona<\/p>\n<p style=\"text-align: center;\"><strong>Per scaricare la locandina dell&#8217;evento in formato clicca qui sotto<\/strong><\/p>\n<h3 style=\"text-align: center;\"><a href=\"http:\/\/www.uildmve.org\/wp-content\/uploads\/2017\/02\/Locandina-GMN-2017.pdf\" rel=\"\">GMN 2017<\/a><\/h3>\n<hr \/>\n<p>&nbsp;<\/p>\n<h2 style=\"text-align: center;\">Giornata Malattie Rare: UILDM sempre presente!<\/h2>\n<\/div>\n<div class=\"postcontent\">\n<p style=\"text-align: center;\">In Italia la <strong>Giornata delle Malattie Rare<\/strong>\u00a0del 28 febbraio prossimo \u00e8 coordinata da\u00a0<strong>UNIAMO-Federazione Italiana Malattie Rare<\/strong>\u00a0che riunisce un centinaio di associazioni di malattie rare, tra nazionali e regionali. La decima edizione della Giornata si focalizzer\u00e0 sul tema della ricerca, per sostenere la necessit\u00e0 di proseguire lo studio delle malattie rare. Lo slogan, \u201c<strong>Con la ricerca, le possibilit\u00e0 sono infinite<\/strong>!\u201d<\/p>\n<p style=\"text-align: center;\"><a href=\"http:\/\/www.uildm.org\/2017\/02\/23\/giornata-malattie-rare-uildm-sempre-presente\/\"><img loading=\"lazy\" decoding=\"async\" class=\"aligncenter wp-image-1581\" src=\"http:\/\/www.uildmve.org\/wp-content\/uploads\/2017\/02\/locandina-giornata-malattie-rare-717x1024.jpg\" alt=\"locandina giornata malattie rare\" width=\"576\" height=\"822\" srcset=\"https:\/\/www.uildmve.org\/wp-content\/uploads\/2017\/02\/locandina-giornata-malattie-rare-717x1024.jpg 717w, https:\/\/www.uildmve.org\/wp-content\/uploads\/2017\/02\/locandina-giornata-malattie-rare-210x300.jpg 210w, https:\/\/www.uildmve.org\/wp-content\/uploads\/2017\/02\/locandina-giornata-malattie-rare-768x1097.jpg 768w, https:\/\/www.uildmve.org\/wp-content\/uploads\/2017\/02\/locandina-giornata-malattie-rare.jpg 984w\" sizes=\"auto, (max-width: 576px) 100vw, 576px\" \/><\/a><\/p>\n<hr \/>\n<p style=\"text-align: center;\">\n<\/div>\n","protected":false},"excerpt":{"rendered":"<p>&nbsp; \u00a0Marted\u00ec 4 aprile 2017 \u2013 UILDM A ROMA CONTRO I TAGLI AL FONDO PER LE PERSONE CON DISABILIT\u00c0 Il Presidente Rasconi: \u00abLo sviluppo degli strumenti medici deve andare di&#8230; <a class=\"read-more-link\" href=\"https:\/\/www.uildmve.org\/index.php\/news\/\">Read more &raquo;<\/a><\/p>\n","protected":false},"author":1,"featured_media":0,"parent":0,"menu_order":0,"comment_status":"closed","ping_status":"closed","template":"","meta":{"footnotes":""},"class_list":["post-1376","page","type-page","status-publish","hentry"],"_links":{"self":[{"href":"https:\/\/www.uildmve.org\/index.php\/wp-json\/wp\/v2\/pages\/1376","targetHints":{"allow":["GET"]}}],"collection":[{"href":"https:\/\/www.uildmve.org\/index.php\/wp-json\/wp\/v2\/pages"}],"about":[{"href":"https:\/\/www.uildmve.org\/index.php\/wp-json\/wp\/v2\/types\/page"}],"author":[{"embeddable":true,"href":"https:\/\/www.uildmve.org\/index.php\/wp-json\/wp\/v2\/users\/1"}],"replies":[{"embeddable":true,"href":"https:\/\/www.uildmve.org\/index.php\/wp-json\/wp\/v2\/comments?post=1376"}],"version-history":[{"count":22,"href":"https:\/\/www.uildmve.org\/index.php\/wp-json\/wp\/v2\/pages\/1376\/revisions"}],"predecessor-version":[{"id":2625,"href":"https:\/\/www.uildmve.org\/index.php\/wp-json\/wp\/v2\/pages\/1376\/revisions\/2625"}],"wp:attachment":[{"href":"https:\/\/www.uildmve.org\/index.php\/wp-json\/wp\/v2\/media?parent=1376"}],"curies":[{"name":"wp","href":"https:\/\/api.w.org\/{rel}","templated":true}]}}