{"id":1440,"date":"2017-02-08T12:43:23","date_gmt":"2017-02-08T11:43:23","guid":{"rendered":"http:\/\/www.uildmve.org\/?page_id=1440"},"modified":"2017-02-23T12:59:55","modified_gmt":"2017-02-23T11:59:55","slug":"14-27-marzo-2016","status":"publish","type":"page","link":"https:\/\/www.uildmve.org\/index.php\/14-27-marzo-2016\/","title":{"rendered":"Giornata Nazionale Uildm dal 14 al 27 marzo 2016"},"content":{"rendered":"<h3>SIAMO FERMI SOLO NELLA VOLONT\u00c0 DI MUOVERCI<\/h3>\n<p>Torna la <strong>Giornata Nazionale UILDM <\/strong>(Unione Italiana Lotta alla Distrofia Muscolare), dedicata al tema della <em>mobilit\u00e0<\/em>. Dal <strong>14 al 27 marzo <\/strong>i nostri volontari scenderanno in piazza per offrire un gadget tutto nuovo, la <strong>tavoletta di cioccolata della UILDM<\/strong> \u2013 italiana e di alta qualit\u00e0 \u2013 in due versioni, al latte e fondente, a fronte di un contributo minimo di 6 euro.<\/p>\n<p><img loading=\"lazy\" decoding=\"async\" class=\"aligncenter size-medium wp-image-1499\" src=\"http:\/\/www.uildmve.org\/wp-content\/uploads\/2017\/02\/TAV-UILDM-300x190.jpg\" alt=\"Tavoletta UILDM\" width=\"300\" height=\"190\" srcset=\"https:\/\/www.uildmve.org\/wp-content\/uploads\/2017\/02\/TAV-UILDM-300x190.jpg 300w, https:\/\/www.uildmve.org\/wp-content\/uploads\/2017\/02\/TAV-UILDM-768x486.jpg 768w, https:\/\/www.uildmve.org\/wp-content\/uploads\/2017\/02\/TAV-UILDM-1024x648.jpg 1024w\" sizes=\"auto, (max-width: 300px) 100vw, 300px\" \/><\/p>\n<p>I fondi raccolti quest\u2019anno saranno destinati all\u2019acquisto di <strong>automezzi attrezzati <\/strong>per favorire le attivit\u00e0 di trasporto delle nostre Sezioni locali e i servizi da loro offerti, di cui usufruiscono annualmente oltre 20.000 persone. Promuovere la mobilit\u00e0 sul territorio e nel tessuto sociale \u2013 favorendo l\u2019interazione con gli altri \u2013 ha una importanza essenziale perch\u00e9 significa mettere la persona con disabilit\u00e0 nella condizione di potersi spostare con facilit\u00e0 e accedere al mondo del lavoro, della scuola, alle prestazioni medico-sanitarie, per praticare sport e godere del tempo libero, sostenendo cos\u00ec <strong>forme di autonomia e di vita indipendente<\/strong>. Tutto ci\u00f2, a garanzia di una migliore qualit\u00e0 della vita, molte volte inficiata dall\u2019impossibilit\u00e0 di muoversi e dalla solitudine che ne consegue, e per una piena <strong>realizzazione <\/strong>della persona. Lo slogan che ci accompagna, <strong>\u00ab<em>Siamo fermi solo nella volont\u00e0 di muoverci <\/em>\u00bb<\/strong>, riassume il messaggio della Giornata: siamo fermi, decisi e determinati nell\u2019affermare il nostro diritto alla mobilit\u00e0, esigenza vitale per tutti.<\/p>\n<p>Per ulteriori informazioni clicca sulla locandina qui sotto<\/p>\n<p><a href=\"http:\/\/www.uildm.org\/2016\/02\/25\/in-arrivo-la-giornata-nazionale-uildm-2016\/\"><img loading=\"lazy\" decoding=\"async\" class=\"aligncenter wp-image-1500 size-large\" src=\"http:\/\/www.uildmve.org\/wp-content\/uploads\/2017\/02\/Immagine-GIORNATA-NAZ-730x1024.png\" alt=\"Giornata Nazionale 2016\" width=\"730\" height=\"1024\" srcset=\"https:\/\/www.uildmve.org\/wp-content\/uploads\/2017\/02\/Immagine-GIORNATA-NAZ-730x1024.png 730w, https:\/\/www.uildmve.org\/wp-content\/uploads\/2017\/02\/Immagine-GIORNATA-NAZ-214x300.png 214w, https:\/\/www.uildmve.org\/wp-content\/uploads\/2017\/02\/Immagine-GIORNATA-NAZ-768x1077.png 768w, https:\/\/www.uildmve.org\/wp-content\/uploads\/2017\/02\/Immagine-GIORNATA-NAZ.png 1315w\" sizes=\"auto, (max-width: 730px) 100vw, 730px\" \/><\/a><\/p>\n<p>&nbsp;<\/p>\n<p>&nbsp;<\/p>\n","protected":false},"excerpt":{"rendered":"<p>SIAMO FERMI SOLO NELLA VOLONT\u00c0 DI MUOVERCI Torna la Giornata Nazionale UILDM (Unione Italiana Lotta alla Distrofia Muscolare), dedicata al tema della mobilit\u00e0. Dal 14 al 27 marzo i nostri&#8230; <a class=\"read-more-link\" href=\"https:\/\/www.uildmve.org\/index.php\/14-27-marzo-2016\/\">Read more &raquo;<\/a><\/p>\n","protected":false},"author":1,"featured_media":0,"parent":0,"menu_order":0,"comment_status":"closed","ping_status":"closed","template":"","meta":{"footnotes":""},"class_list":["post-1440","page","type-page","status-publish","hentry"],"_links":{"self":[{"href":"https:\/\/www.uildmve.org\/index.php\/wp-json\/wp\/v2\/pages\/1440","targetHints":{"allow":["GET"]}}],"collection":[{"href":"https:\/\/www.uildmve.org\/index.php\/wp-json\/wp\/v2\/pages"}],"about":[{"href":"https:\/\/www.uildmve.org\/index.php\/wp-json\/wp\/v2\/types\/page"}],"author":[{"embeddable":true,"href":"https:\/\/www.uildmve.org\/index.php\/wp-json\/wp\/v2\/users\/1"}],"replies":[{"embeddable":true,"href":"https:\/\/www.uildmve.org\/index.php\/wp-json\/wp\/v2\/comments?post=1440"}],"version-history":[{"count":6,"href":"https:\/\/www.uildmve.org\/index.php\/wp-json\/wp\/v2\/pages\/1440\/revisions"}],"predecessor-version":[{"id":1578,"href":"https:\/\/www.uildmve.org\/index.php\/wp-json\/wp\/v2\/pages\/1440\/revisions\/1578"}],"wp:attachment":[{"href":"https:\/\/www.uildmve.org\/index.php\/wp-json\/wp\/v2\/media?parent=1440"}],"curies":[{"name":"wp","href":"https:\/\/api.w.org\/{rel}","templated":true}]}}