{"id":1458,"date":"2017-02-08T15:42:34","date_gmt":"2017-02-08T14:42:34","guid":{"rendered":"http:\/\/www.uildmve.org\/?page_id=1458"},"modified":"2017-02-21T10:26:32","modified_gmt":"2017-02-21T09:26:32","slug":"link-utili","status":"publish","type":"page","link":"https:\/\/www.uildmve.org\/index.php\/link-utili\/","title":{"rendered":"Link Utili"},"content":{"rendered":"<h3>TESTATE GIORNALISTICHE ONLINE:<\/h3>\n<ul>\n<li><span style=\"color: #000000;\"><a style=\"color: #000000;\" href=\"https:\/\/www.disabili.com\/\">Disabili.com<\/a><\/span><\/li>\n<li><span style=\"color: #000000;\"><a style=\"color: #000000;\" href=\"http:\/\/www.corriere.it\/salute\/disabilita\/\">Corriere della Sera &#8211; Disabilit\u00e0<\/a><\/span><\/li>\n<li><span style=\"color: #000000;\"><a style=\"color: #000000;\" href=\"http:\/\/www.redattoresociale.it\/Notiziario\/Disabilit%C3%A0\">Redattore Sociale &#8211; Disabilit\u00e0<\/a><\/span><\/li>\n<li><span style=\"color: #000000;\"><a style=\"color: #000000;\" href=\"http:\/\/www.vita.it\/it\/section\/disabilita\/30\/\">Vita.it &#8211; Il portale della sostenibilit\u00e0 sociale, economica e ambientale<\/a><\/span><\/li>\n<li><span style=\"color: #000000;\"><a style=\"color: #000000;\" href=\"http:\/\/www.ansa.it\/canale_saluteebenessere\/\">Ansa &#8211; Salute<\/a><\/span><\/li>\n<li><span style=\"color: #000000;\"><a style=\"color: #000000;\" href=\"http:\/\/www.handylex.org\/\">Handylex.org &#8211; Disabili: diritti e agevolazioni<\/a><\/span><\/li>\n<li><span style=\"color: #000000;\"><a style=\"color: #000000;\" href=\"http:\/\/www.superando.it\/\">Superando.it &#8211; Una rete per superare l&#8217;handicap<\/a><\/span><\/li>\n<li><span style=\"color: #000000;\"><a style=\"color: #000000;\" href=\"http:\/\/salute24.ilsole24ore.com\/\">Il Sole 24 Ore &#8211; Salute24<\/a><\/span><\/li>\n<li><span style=\"color: #000000;\"><a style=\"color: #000000;\" href=\"http:\/\/www.repubblica.it\/salute\/\">Salute &#8211; Repubblica.it<\/a><\/span><\/li>\n<li><span style=\"color: #000000;\"><a style=\"color: #000000;\" href=\"http:\/\/www.repubblica.it\/solidarieta\/\">Mondo Solidale &#8211; Repubblica.it<\/a><\/span><\/li>\n<li><span style=\"color: #000000;\"><a style=\"color: #000000;\" href=\"http:\/\/www.ilgazzettino.it\/?p=search&amp;q=disabili\">Il Gazzettino.it<\/a><\/span><\/li>\n<li><span style=\"color: #000000;\"><a style=\"color: #000000;\" href=\"http:\/\/ricerca.gelocal.it\/ricerca\/nuovavenezia-it?query=disabili&amp;view=nuovavenezia-it\">La Nuova di Venezia<\/a><\/span><\/li>\n<li><span style=\"color: #000000;\"><a style=\"color: #000000;\" href=\"http:\/\/www.socialnews.it\/category\/salute\/\">SocialNews<\/a> <\/span><\/li>\n<\/ul>\n<h3>RETI E ASSOCIAZIONI:<\/h3>\n<ul>\n<li><span style=\"color: #000000;\"><a style=\"color: #000000;\" href=\"https:\/\/www.fondazioneserono.org\/sezione\/disabilita\/\">Fondazione Serono &#8211; Disabilit\u00e0 e Diritti dei Disabili<\/a><\/span><\/li>\n<li><span style=\"color: #000000;\"><a style=\"color: #000000;\" href=\"http:\/\/pernoi.iport.it\/\">Per noi<\/a><\/span><\/li>\n<li><span style=\"color: #000000;\"><a style=\"color: #000000;\" href=\"http:\/\/www.associazionelucacoscioni.it\/notizie\">Associazione Luca Coscioni<\/a><\/span><\/li>\n<li><span style=\"color: #000000;\"><a style=\"color: #000000;\" href=\"http:\/\/www.fondazionecls.org\/rassegna-stampa\/\">Fondazione CLS &#8211; Onlus disabili<\/a><\/span><\/li>\n<li><span style=\"color: #000000;\"><a style=\"color: #000000;\" href=\"http:\/\/www.servizisidem.it\/\">Sidem<\/a><\/span><\/li>\n<li><span style=\"color: #000000;\"><a style=\"color: #000000;\" href=\"http:\/\/www.solcocittaaperta.it\/rassegna-stampa\">Solco Citt\u00e0 Aperta<\/a><\/span><\/li>\n<li><span style=\"color: #000000;\"><a style=\"color: #000000;\" href=\"http:\/\/www.ledha.it\/\">Ledha <\/a><\/span><\/li>\n<li><span style=\"color: #000000;\"><a style=\"color: #000000;\" href=\"http:\/\/www.telethon.it\/news\">Telethon<\/a><\/span><\/li>\n<li><span style=\"color: #000000;\"><a style=\"color: #000000;\" href=\"http:\/\/www.fishonlus.it\/\">Fish Onlus &#8211; Federazione Italiana per il Superamento dell&#8217;Handicap<\/a><\/span><\/li>\n<li><span style=\"color: #000000;\"><a style=\"color: #000000;\" href=\"http:\/\/www.diversamenteagibile.it\/\">Diversamente Agibile<\/a><\/span><\/li>\n<li><span style=\"color: #000000;\"><a style=\"color: #000000;\" href=\"http:\/\/www.disabilinews.com\/\">Il network per disabili in cerca di ausili e news<\/a><\/span><\/li>\n<li><span style=\"color: #000000;\"><a style=\"color: #000000;\" href=\"http:\/\/www.invalidi-disabili.it\/news\/\">Invalidi &amp; Disabili<\/a><\/span><\/li>\n<li><span style=\"color: #000000;\"><a style=\"color: #000000;\" href=\"http:\/\/www.abilitychannel.tv\/blog-news\/\">Disabili news &#8211; Ability Channel<\/a><\/span><\/li>\n<\/ul>\n<h3>ISTITUZIONI:<\/h3>\n<ul>\n<li><a href=\"http:\/\/www.csvnet.it\/notizie\/le-notizie\/notizienon-profit\/volontariato\"><span style=\"color: #000000;\">CSVnet<\/span><\/a><\/li>\n<li><span style=\"color: #000000;\"><a style=\"color: #000000;\" href=\"https:\/\/salute.regione.veneto.it\/\">Salute Regione Veneto<\/a><\/span><\/li>\n<li><span style=\"color: #000000;\"><a style=\"color: #000000;\" href=\"https:\/\/www.superabile.it\/\">SuperAbile Inail<\/a><\/span><\/li>\n<li><span style=\"color: #000000;\"><a style=\"color: #000000;\" href=\"http:\/\/www.pressin.it\/\">Press-IN<\/a><\/span><\/li>\n<\/ul>\n","protected":false},"excerpt":{"rendered":"<p>TESTATE GIORNALISTICHE ONLINE: Disabili.com Corriere della Sera &#8211; Disabilit\u00e0 Redattore Sociale &#8211; Disabilit\u00e0 Vita.it &#8211; Il portale della sostenibilit\u00e0 sociale, economica e ambientale Ansa &#8211; Salute Handylex.org &#8211; Disabili: diritti&#8230; <a class=\"read-more-link\" href=\"https:\/\/www.uildmve.org\/index.php\/link-utili\/\">Read more &raquo;<\/a><\/p>\n","protected":false},"author":1,"featured_media":0,"parent":0,"menu_order":0,"comment_status":"closed","ping_status":"closed","template":"","meta":{"footnotes":""},"class_list":["post-1458","page","type-page","status-publish","hentry"],"_links":{"self":[{"href":"https:\/\/www.uildmve.org\/index.php\/wp-json\/wp\/v2\/pages\/1458","targetHints":{"allow":["GET"]}}],"collection":[{"href":"https:\/\/www.uildmve.org\/index.php\/wp-json\/wp\/v2\/pages"}],"about":[{"href":"https:\/\/www.uildmve.org\/index.php\/wp-json\/wp\/v2\/types\/page"}],"author":[{"embeddable":true,"href":"https:\/\/www.uildmve.org\/index.php\/wp-json\/wp\/v2\/users\/1"}],"replies":[{"embeddable":true,"href":"https:\/\/www.uildmve.org\/index.php\/wp-json\/wp\/v2\/comments?post=1458"}],"version-history":[{"count":13,"href":"https:\/\/www.uildmve.org\/index.php\/wp-json\/wp\/v2\/pages\/1458\/revisions"}],"predecessor-version":[{"id":1554,"href":"https:\/\/www.uildmve.org\/index.php\/wp-json\/wp\/v2\/pages\/1458\/revisions\/1554"}],"wp:attachment":[{"href":"https:\/\/www.uildmve.org\/index.php\/wp-json\/wp\/v2\/media?parent=1458"}],"curies":[{"name":"wp","href":"https:\/\/api.w.org\/{rel}","templated":true}]}}