{"id":1480,"date":"2017-02-16T13:16:10","date_gmt":"2017-02-16T12:16:10","guid":{"rendered":"http:\/\/www.uildmve.org\/?page_id=1480"},"modified":"2018-07-12T12:22:06","modified_gmt":"2018-07-12T10:22:06","slug":"formazione","status":"publish","type":"page","link":"https:\/\/www.uildmve.org\/index.php\/formazione\/","title":{"rendered":"Formazione nelle scuole"},"content":{"rendered":"<h3 class=\"western\" style=\"text-align: left;\"><strong>A RUOTA LIBERA <\/strong><\/h3>\n<h3 class=\"western\" style=\"text-align: left;\"><strong>Incontro con la diversit\u00e0<\/strong><\/h3>\n<p style=\"text-align: left;\"><strong>A RUOTA LIBERA<\/strong> \u00e8 un progetto educativo\/emotivo realizzato da persone disabili e rivolto agli studenti delle scuole superiori di primo grado. Viene proposto un percorso guidato, strutturato in due incontri, dove i ragazzi entrano in relazione diretta con la diversit\u00e0 e si mettono in gioco in prima persona. Anche gli insegnanti vengono resi partecipi dell&#8217;iniziativa attraverso una presentazione delle finalit\u00e0 e delle modalit\u00e0 operative del progetto. Al termine degli incontri viene chiesto agli studenti di rielaborare l&#8217;esperienza vissuta mediante la stesura di un tema, che verr\u00e0 poi messo a disposizione dei referenti del progetto a testimonianza dell&#8217;attivit\u00e0 svolta.<\/p>\n<h3 style=\"text-align: left;\"><u>Destinatari:<\/u><\/h3>\n<p style=\"text-align: left;\">Ragazzi e insegnanti delle scuole superiori di primo e secondo grado.<\/p>\n<h3 style=\"text-align: left;\"><u>Finalit\u00e0:<\/u><\/h3>\n<ul style=\"text-align: left;\">\n<li>Fare esperienza della diversit\u00e0 attraverso l&#8217;incontro diretto con persone disabili attive e disponibili<\/li>\n<li>Compiere una riflessione critica sulla diversit\u00e0<\/li>\n<li>Sviluppare un atteggiamento positivo nei confronti della diversit\u00e0<\/li>\n<li>Riflettere sulla possibilit\u00e0 di ridurre le difficolt\u00e0 attraverso un allenamento creativo<\/li>\n<li>Maturare un atteggiamento di solidariet\u00e0<\/li>\n<\/ul>\n<p style=\"text-align: left;\">Ciascuna finalit\u00e0 \u00e8 strettamente correlata alla precedente e alla successiva, attraverso un continuo scambio tra i soggetti del percorso, mediante il quale si realizza una sostanziale circolarit\u00e0 dell\u2019esperienza educativa. Le finalit\u00e0 indicate non sono verificabili nell\u2019arco di tempo in cui si realizzano i percorsi con le classi, ma delineano un orizzonte, la direzione precisa verso la quale si intende procedere il cui raggiungimento non \u00e8 garantito e pu\u00f2 essere verificato solo in tempi molto lunghi.<\/p>\n<h3 style=\"text-align: left;\"><u>Obiettivi:<\/u><\/h3>\n<ul>\n<li style=\"text-align: left;\">Riflettere sui concetti di uguaglianza e diversit\u00e0<\/li>\n<li style=\"text-align: left;\">Conoscere la differenza tra deficit e handicap<\/li>\n<li style=\"text-align: left;\">Far emergere i pregiudizi sull&#8217;handicap e individuarne l&#8217;origine<\/li>\n<li style=\"text-align: left;\">Valutare le conseguenze prodotte dall&#8217;incontro diretto con le persone con disabilit\u00e0<\/li>\n<li style=\"text-align: left;\">Saper affrontare con creativit\u00e0 situazioni di difficolt\u00e0 attivando capacit\u00e0 e potenzialit\u00e0 personali<\/li>\n<li style=\"text-align: left;\">Modificare gli atteggiamenti precostituiti e ampliare la propria visione della diversit\u00e0<\/li>\n<li style=\"text-align: left;\">Superare\u00a0 l&#8217;impatto emotivo iniziale e disponibilit\u00e0 ad entrare in relazione con le persone con disabilit\u00e0<\/li>\n<li style=\"text-align: left;\">Ridefinire il proprio atteggiamento nei confronti della diversit\u00e0 e dello svantaggio<\/li>\n<\/ul>\n<h3><u>Contenuti:<\/u><\/h3>\n<p>Nel corso degli incontri saranno trattati i seguenti temi:<\/p>\n<ul>\n<li>Ugualianza e diversit\u00e0<\/li>\n<li>Paura e pregiudizio<\/li>\n<li>Deficit e handicap<\/li>\n<li>L&#8217;handicap come risorsa<\/li>\n<\/ul>\n<h3><u>Strumenti di lavoro:<\/u><\/h3>\n<p>Gli strumenti attraverso i quali vengono proposti i contenuti indicati sono le drammatizzazioni, le scommesse e diversi tipi di gioco: le associazioni di idee, i giochi di ruolo, i giochi sull\u2019aiuto, la comunicazione e il conflitto; a tutto questo bisogna aggiungere l\u2019analisi, la sintesi, la valutazione e la riflessione critica dell\u2019esperienza condotta.<\/p>\n<h3><u>Metodologia operativa:<\/u><\/h3>\n<p>La metodologia di lavoro utilizzata nelle classi prevede un approccio attivo e\u00a0collaborativo, in cui i ragazzi\u00a0vengono\u00a0coinvolti in prima persona e resi soggetti attivi del percorso, fornendo loro strumenti e occasioni necessarie. Negli incontri scompaiono cattedra e banchi, ci si siede tutti in cerchio a sottolineare il fatto che non si tratta di una \u201clezione\u201d ma di giocare, sperimentare e imparare insieme, in un rapporto circolare di reciprocit\u00e0, per poi trarre la conoscenza dall\u2019esperienza e integrare l\u2019esperienza con la riflessione. Per questo motivo si lavora con un gruppo ristretto di allievi, preferibilmente una classe per volta, poich\u00e9 la presenza di un numero di ragazzi troppo elevato impedirebbe ai meno attivi o ai pi\u00f9 timidi di esprimersi in modo adeguato e di prendere parte effettiva all\u2019esperienza.<\/p>\n<p>Il modulo degli incontri \u00e8 flessibile e, pur in presenza di una serie di idee guida relative a contenuti e strumenti, la successione degli stimoli non segue uno schema prefissato: di fatto, ogni gruppo o ogni classe auto-costruisce il proprio percorso, nel quale si pu\u00f2 dare pi\u00f9 o meno spazio agli elementi che lo costituiscono. Anche la densit\u00e0 dei contenuti proposti varia a seconda dell\u2019et\u00e0 dei ragazzi coinvolti: gli stessi stimoli sono suscettibili di approfondimenti molto diversi. Negli incontri con le scuole medie e superiori, oltre al ruolo preponderante del gioco, uno spazio maggiore viene dedicato all\u2019analisi e alla riflessione critica, il cui stimolo \u00e8 comunque sempre costituito da esperienze dirette: vengono individuate l\u2019etimologia e le definizioni dei termini utilizzati, si ricercano le motivazioni degli atteggiamenti, vengono messi in luce i pregiudizi utilizzando un metodo induttivo ma anche deduttivo.<\/p>\n<h3><span style=\"text-decoration: underline;\">Referenti progetto:<\/span><\/h3>\n<p>Massimo Lazzarini\u00a0\u00a0\u00a0\u00a0 \u00a0 \u00a0 \u00a0 \u00a0 \u00a0 \u00a0 \u00a0 \u00a0 \u00a0 \u00a0 \u00a0 \u00a0 \u00a0 \u00a0 \u00a0 \u00a0 \u00a0 \u00a0 \u00a0 \u00a0 \u00a0 \u00a0 \u00a0 \u00a0 \u00a0 \u00a0 \u00a0 \u00a0 \u00a0Angela Zanghierato<\/p>\n<p>E-mail: <a href=\"mailto:lazmax@tin.it\" target=\"_blank\">lazmax@tin.it<\/a>\u00a0\u00a0\u00a0\u00a0\u00a0\u00a0\u00a0\u00a0\u00a0\u00a0\u00a0\u00a0\u00a0\u00a0\u00a0\u00a0\u00a0\u00a0\u00a0\u00a0\u00a0\u00a0\u00a0\u00a0\u00a0\u00a0\u00a0\u00a0\u00a0\u00a0\u00a0\u00a0\u00a0\u00a0\u00a0\u00a0\u00a0\u00a0\u00a0\u00a0\u00a0\u00a0\u00a0\u00a0\u00a0\u00a0\u00a0\u00a0\u00a0\u00a0\u00a0\u00a0\u00a0\u00a0\u00a0 E-mail: <a href=\"mailto:anglor94@alice.it\" target=\"_blank\">anglor94@alice.it<\/a><\/p>\n<p>Cell. 3383125520\u00a0\u00a0\u00a0\u00a0\u00a0\u00a0\u00a0\u00a0\u00a0\u00a0\u00a0\u00a0\u00a0\u00a0\u00a0\u00a0\u00a0\u00a0\u00a0\u00a0\u00a0\u00a0\u00a0\u00a0\u00a0\u00a0\u00a0\u00a0\u00a0\u00a0\u00a0\u00a0\u00a0\u00a0\u00a0\u00a0\u00a0\u00a0\u00a0\u00a0\u00a0\u00a0\u00a0\u00a0\u00a0\u00a0\u00a0\u00a0\u00a0\u00a0\u00a0\u00a0\u00a0\u00a0\u00a0\u00a0\u00a0\u00a0\u00a0\u00a0 Cell. 3400520929<\/p>\n<p>&nbsp;<\/p>\n<p>MAGGIORI INFO QUI<\/p>\n<h3 style=\"text-align: center;\"><strong><a href=\"http:\/\/www.uildmve.org\/wp-content\/uploads\/2017\/02\/A-Ruota-Libera.pdf\" target=\"_blank\" rel=\"\">A Ruota Libera &#8211; Incontro con la diversit\u00e0<\/a><\/strong><\/h3>\n<p><a href=\"http:\/\/www.uildmve.org\/wp-content\/uploads\/2017\/02\/A-Ruota-Libera.pdf\"><img loading=\"lazy\" decoding=\"async\" class=\"aligncenter wp-image-1564 size-full\" src=\"http:\/\/www.uildmve.org\/wp-content\/uploads\/2017\/02\/A-Ruota-libera-copertina.png\" alt=\"A Ruota libera copertina\" width=\"673\" height=\"957\" srcset=\"https:\/\/www.uildmve.org\/wp-content\/uploads\/2017\/02\/A-Ruota-libera-copertina.png 673w, https:\/\/www.uildmve.org\/wp-content\/uploads\/2017\/02\/A-Ruota-libera-copertina-211x300.png 211w\" sizes=\"auto, (max-width: 673px) 100vw, 673px\" \/><\/a><\/p>\n<h3>MATERIALI UTILI:<\/h3>\n<ul>\n<li>\n<h3><a href=\"http:\/\/www.educabimbi.it\/favol-bambini-spruzzolotta\/\" target=\"_blank\" rel=\"attachment wp-att-1675\">Favola Sulla Diversit\u00e0 SPRUZZOLOTTA<\/a><\/h3>\n<\/li>\n<\/ul>\n<h3>SETTIMANA DELLO SPORT 2017:<\/h3>\n<p><em>Istituto Comprensivo Statale Giacomo Matteotti &#8211; Via A. Manzoni 11 Maerne 30030 VE<\/em><\/p>\n\n\t\t<style type=\"text\/css\">\n\t\t\t#gallery-1 {\n\t\t\t\tmargin: auto;\n\t\t\t}\n\t\t\t#gallery-1 .gallery-item {\n\t\t\t\tfloat: left;\n\t\t\t\tmargin-top: 10px;\n\t\t\t\ttext-align: center;\n\t\t\t\twidth: 25%;\n\t\t\t}\n\t\t\t#gallery-1 img {\n\t\t\t\tborder: 2px solid #cfcfcf;\n\t\t\t}\n\t\t\t#gallery-1 .gallery-caption {\n\t\t\t\tmargin-left: 0;\n\t\t\t}\n\t\t\t\/* see gallery_shortcode() in wp-includes\/media.php *\/\n\t\t<\/style>\n\t\t<div id='gallery-1' class='gallery galleryid-1480 gallery-columns-4 gallery-size-thumbnail'><dl class='gallery-item'>\n\t\t\t<dt class='gallery-icon landscape'>\n\t\t\t\t<a href='https:\/\/www.uildmve.org\/wp-content\/uploads\/2017\/02\/IMG-20170303-WA0026.jpg'><img loading=\"lazy\" decoding=\"async\" width=\"150\" height=\"150\" src=\"https:\/\/www.uildmve.org\/wp-content\/uploads\/2017\/02\/IMG-20170303-WA0026-150x150.jpg\" class=\"attachment-thumbnail size-thumbnail\" alt=\"\" \/><\/a>\n\t\t\t<\/dt><\/dl><dl class='gallery-item'>\n\t\t\t<dt class='gallery-icon landscape'>\n\t\t\t\t<a href='https:\/\/www.uildmve.org\/wp-content\/uploads\/2017\/02\/IMG-20170307-WA0012.jpg'><img loading=\"lazy\" decoding=\"async\" width=\"150\" height=\"150\" src=\"https:\/\/www.uildmve.org\/wp-content\/uploads\/2017\/02\/IMG-20170307-WA0012-150x150.jpg\" class=\"attachment-thumbnail size-thumbnail\" alt=\"\" \/><\/a>\n\t\t\t<\/dt><\/dl><dl class='gallery-item'>\n\t\t\t<dt class='gallery-icon landscape'>\n\t\t\t\t<a href='https:\/\/www.uildmve.org\/wp-content\/uploads\/2017\/02\/IMG-20170303-WA0025.jpg'><img loading=\"lazy\" decoding=\"async\" width=\"150\" height=\"150\" src=\"https:\/\/www.uildmve.org\/wp-content\/uploads\/2017\/02\/IMG-20170303-WA0025-150x150.jpg\" class=\"attachment-thumbnail size-thumbnail\" alt=\"\" \/><\/a>\n\t\t\t<\/dt><\/dl><dl class='gallery-item'>\n\t\t\t<dt class='gallery-icon landscape'>\n\t\t\t\t<a href='https:\/\/www.uildmve.org\/wp-content\/uploads\/2017\/02\/IMG-20170307-WA0007.jpg'><img loading=\"lazy\" decoding=\"async\" width=\"150\" height=\"150\" src=\"https:\/\/www.uildmve.org\/wp-content\/uploads\/2017\/02\/IMG-20170307-WA0007-150x150.jpg\" class=\"attachment-thumbnail size-thumbnail\" alt=\"\" \/><\/a>\n\t\t\t<\/dt><\/dl><br style=\"clear: both\" \/>\n\t\t<\/div>\n\n<p><em>Scuola Secondaria di 1\u00b0 grado Antonio Gramsci &#8211; Via Vittorio Veneto 96 Casale sul Sile 31032 TV<\/em><\/p>\n\n\t\t<style type=\"text\/css\">\n\t\t\t#gallery-2 {\n\t\t\t\tmargin: auto;\n\t\t\t}\n\t\t\t#gallery-2 .gallery-item {\n\t\t\t\tfloat: left;\n\t\t\t\tmargin-top: 10px;\n\t\t\t\ttext-align: center;\n\t\t\t\twidth: 25%;\n\t\t\t}\n\t\t\t#gallery-2 img {\n\t\t\t\tborder: 2px solid #cfcfcf;\n\t\t\t}\n\t\t\t#gallery-2 .gallery-caption {\n\t\t\t\tmargin-left: 0;\n\t\t\t}\n\t\t\t\/* see gallery_shortcode() in wp-includes\/media.php *\/\n\t\t<\/style>\n\t\t<div id='gallery-2' class='gallery galleryid-1480 gallery-columns-4 gallery-size-thumbnail'><dl class='gallery-item'>\n\t\t\t<dt class='gallery-icon landscape'>\n\t\t\t\t<a href='https:\/\/www.uildmve.org\/wp-content\/uploads\/2017\/02\/IMG-20170303-WA0007.jpg'><img loading=\"lazy\" decoding=\"async\" width=\"150\" height=\"150\" src=\"https:\/\/www.uildmve.org\/wp-content\/uploads\/2017\/02\/IMG-20170303-WA0007-150x150.jpg\" class=\"attachment-thumbnail size-thumbnail\" alt=\"\" \/><\/a>\n\t\t\t<\/dt><\/dl><dl class='gallery-item'>\n\t\t\t<dt class='gallery-icon landscape'>\n\t\t\t\t<a href='https:\/\/www.uildmve.org\/wp-content\/uploads\/2017\/02\/IMG-20170303-WA0005.jpg'><img loading=\"lazy\" decoding=\"async\" width=\"150\" height=\"150\" src=\"https:\/\/www.uildmve.org\/wp-content\/uploads\/2017\/02\/IMG-20170303-WA0005-150x150.jpg\" class=\"attachment-thumbnail size-thumbnail\" alt=\"\" \/><\/a>\n\t\t\t<\/dt><\/dl><dl class='gallery-item'>\n\t\t\t<dt class='gallery-icon portrait'>\n\t\t\t\t<a href='https:\/\/www.uildmve.org\/wp-content\/uploads\/2017\/02\/IMG-20170303-WA0023.jpg'><img loading=\"lazy\" decoding=\"async\" width=\"150\" height=\"150\" src=\"https:\/\/www.uildmve.org\/wp-content\/uploads\/2017\/02\/IMG-20170303-WA0023-150x150.jpg\" class=\"attachment-thumbnail size-thumbnail\" alt=\"\" \/><\/a>\n\t\t\t<\/dt><\/dl><dl class='gallery-item'>\n\t\t\t<dt class='gallery-icon landscape'>\n\t\t\t\t<a href='https:\/\/www.uildmve.org\/wp-content\/uploads\/2017\/02\/IMG-20170307-WA0015.jpg'><img loading=\"lazy\" decoding=\"async\" width=\"150\" height=\"150\" src=\"https:\/\/www.uildmve.org\/wp-content\/uploads\/2017\/02\/IMG-20170307-WA0015-150x150.jpg\" class=\"attachment-thumbnail size-thumbnail\" alt=\"\" \/><\/a>\n\t\t\t<\/dt><\/dl><br style=\"clear: both\" \/><dl class='gallery-item'>\n\t\t\t<dt class='gallery-icon landscape'>\n\t\t\t\t<a href='https:\/\/www.uildmve.org\/wp-content\/uploads\/2017\/02\/IMG-20170303-WA0008.jpg'><img loading=\"lazy\" decoding=\"async\" width=\"150\" height=\"150\" src=\"https:\/\/www.uildmve.org\/wp-content\/uploads\/2017\/02\/IMG-20170303-WA0008-150x150.jpg\" class=\"attachment-thumbnail size-thumbnail\" alt=\"\" \/><\/a>\n\t\t\t<\/dt><\/dl>\n\t\t\t<br style='clear: both' \/>\n\t\t<\/div>\n\n<p>Scuola Elementare G. Marcon &#8211; Via Pralongo 3 Monastier di Treviso 31050 TV<\/p>\n\n\t\t<style type=\"text\/css\">\n\t\t\t#gallery-3 {\n\t\t\t\tmargin: auto;\n\t\t\t}\n\t\t\t#gallery-3 .gallery-item {\n\t\t\t\tfloat: left;\n\t\t\t\tmargin-top: 10px;\n\t\t\t\ttext-align: center;\n\t\t\t\twidth: 25%;\n\t\t\t}\n\t\t\t#gallery-3 img {\n\t\t\t\tborder: 2px solid #cfcfcf;\n\t\t\t}\n\t\t\t#gallery-3 .gallery-caption {\n\t\t\t\tmargin-left: 0;\n\t\t\t}\n\t\t\t\/* see gallery_shortcode() in wp-includes\/media.php *\/\n\t\t<\/style>\n\t\t<div id='gallery-3' class='gallery galleryid-1480 gallery-columns-4 gallery-size-thumbnail'><dl class='gallery-item'>\n\t\t\t<dt class='gallery-icon portrait'>\n\t\t\t\t<a href='https:\/\/www.uildmve.org\/wp-content\/uploads\/2017\/02\/foto-1-2.jpg'><img loading=\"lazy\" decoding=\"async\" width=\"150\" height=\"150\" src=\"https:\/\/www.uildmve.org\/wp-content\/uploads\/2017\/02\/foto-1-2-150x150.jpg\" class=\"attachment-thumbnail size-thumbnail\" alt=\"\" aria-describedby=\"gallery-3-1680\" \/><\/a>\n\t\t\t<\/dt>\n\t\t\t\t<dd class='wp-caption-text gallery-caption' id='gallery-3-1680'>\n\t\t\t\tScuola Elementare G. Marcon\n\t\t\t\t<\/dd><\/dl><dl class='gallery-item'>\n\t\t\t<dt class='gallery-icon portrait'>\n\t\t\t\t<a href='https:\/\/www.uildmve.org\/wp-content\/uploads\/2017\/02\/foto-1-3.jpg'><img loading=\"lazy\" decoding=\"async\" width=\"150\" height=\"150\" src=\"https:\/\/www.uildmve.org\/wp-content\/uploads\/2017\/02\/foto-1-3-150x150.jpg\" class=\"attachment-thumbnail size-thumbnail\" alt=\"\" aria-describedby=\"gallery-3-1681\" \/><\/a>\n\t\t\t<\/dt>\n\t\t\t\t<dd class='wp-caption-text gallery-caption' id='gallery-3-1681'>\n\t\t\t\tScuola Elementare G. Marcon\n\t\t\t\t<\/dd><\/dl><dl class='gallery-item'>\n\t\t\t<dt class='gallery-icon portrait'>\n\t\t\t\t<a href='https:\/\/www.uildmve.org\/wp-content\/uploads\/2017\/02\/foto-1-4.jpg'><img loading=\"lazy\" decoding=\"async\" width=\"150\" height=\"150\" src=\"https:\/\/www.uildmve.org\/wp-content\/uploads\/2017\/02\/foto-1-4-150x150.jpg\" class=\"attachment-thumbnail size-thumbnail\" alt=\"\" aria-describedby=\"gallery-3-1682\" \/><\/a>\n\t\t\t<\/dt>\n\t\t\t\t<dd class='wp-caption-text gallery-caption' id='gallery-3-1682'>\n\t\t\t\tScuola Elementare G. Marcon\n\t\t\t\t<\/dd><\/dl><dl class='gallery-item'>\n\t\t\t<dt class='gallery-icon portrait'>\n\t\t\t\t<a href='https:\/\/www.uildmve.org\/wp-content\/uploads\/2017\/02\/foto-1.jpg'><img loading=\"lazy\" decoding=\"async\" width=\"150\" height=\"150\" src=\"https:\/\/www.uildmve.org\/wp-content\/uploads\/2017\/02\/foto-1-150x150.jpg\" class=\"attachment-thumbnail size-thumbnail\" alt=\"\" aria-describedby=\"gallery-3-1683\" \/><\/a>\n\t\t\t<\/dt>\n\t\t\t\t<dd class='wp-caption-text gallery-caption' id='gallery-3-1683'>\n\t\t\t\tScuola Elementare G. Marcon\n\t\t\t\t<\/dd><\/dl><br style=\"clear: both\" \/><dl class='gallery-item'>\n\t\t\t<dt class='gallery-icon portrait'>\n\t\t\t\t<a href='https:\/\/www.uildmve.org\/wp-content\/uploads\/2017\/02\/foto-2-2.jpg'><img loading=\"lazy\" decoding=\"async\" width=\"150\" height=\"150\" src=\"https:\/\/www.uildmve.org\/wp-content\/uploads\/2017\/02\/foto-2-2-150x150.jpg\" class=\"attachment-thumbnail size-thumbnail\" alt=\"\" aria-describedby=\"gallery-3-1684\" \/><\/a>\n\t\t\t<\/dt>\n\t\t\t\t<dd class='wp-caption-text gallery-caption' id='gallery-3-1684'>\n\t\t\t\tScuola Elementare G. Marcon\n\t\t\t\t<\/dd><\/dl><dl class='gallery-item'>\n\t\t\t<dt class='gallery-icon portrait'>\n\t\t\t\t<a href='https:\/\/www.uildmve.org\/wp-content\/uploads\/2017\/02\/foto-2-3.jpg'><img loading=\"lazy\" decoding=\"async\" width=\"150\" height=\"150\" src=\"https:\/\/www.uildmve.org\/wp-content\/uploads\/2017\/02\/foto-2-3-150x150.jpg\" class=\"attachment-thumbnail size-thumbnail\" alt=\"\" aria-describedby=\"gallery-3-1685\" \/><\/a>\n\t\t\t<\/dt>\n\t\t\t\t<dd class='wp-caption-text gallery-caption' id='gallery-3-1685'>\n\t\t\t\tScuola Elementare G. Marcon\n\t\t\t\t<\/dd><\/dl><dl class='gallery-item'>\n\t\t\t<dt class='gallery-icon portrait'>\n\t\t\t\t<a href='https:\/\/www.uildmve.org\/wp-content\/uploads\/2017\/02\/foto-3-2.jpg'><img loading=\"lazy\" decoding=\"async\" width=\"150\" height=\"150\" src=\"https:\/\/www.uildmve.org\/wp-content\/uploads\/2017\/02\/foto-3-2-150x150.jpg\" class=\"attachment-thumbnail size-thumbnail\" alt=\"\" aria-describedby=\"gallery-3-1687\" \/><\/a>\n\t\t\t<\/dt>\n\t\t\t\t<dd class='wp-caption-text gallery-caption' id='gallery-3-1687'>\n\t\t\t\tScuola Elementare G. Marcon\n\t\t\t\t<\/dd><\/dl><dl class='gallery-item'>\n\t\t\t<dt class='gallery-icon portrait'>\n\t\t\t\t<a href='https:\/\/www.uildmve.org\/wp-content\/uploads\/2017\/02\/foto-3-3.jpg'><img loading=\"lazy\" decoding=\"async\" width=\"150\" height=\"150\" src=\"https:\/\/www.uildmve.org\/wp-content\/uploads\/2017\/02\/foto-3-3-150x150.jpg\" class=\"attachment-thumbnail size-thumbnail\" alt=\"\" aria-describedby=\"gallery-3-1688\" \/><\/a>\n\t\t\t<\/dt>\n\t\t\t\t<dd class='wp-caption-text gallery-caption' id='gallery-3-1688'>\n\t\t\t\tScuola Elementare G. Marcon\n\t\t\t\t<\/dd><\/dl><br style=\"clear: both\" \/><dl class='gallery-item'>\n\t\t\t<dt class='gallery-icon portrait'>\n\t\t\t\t<a href='https:\/\/www.uildmve.org\/wp-content\/uploads\/2017\/02\/foto-3.jpg'><img loading=\"lazy\" decoding=\"async\" width=\"150\" height=\"150\" src=\"https:\/\/www.uildmve.org\/wp-content\/uploads\/2017\/02\/foto-3-150x150.jpg\" class=\"attachment-thumbnail size-thumbnail\" alt=\"\" aria-describedby=\"gallery-3-1689\" \/><\/a>\n\t\t\t<\/dt>\n\t\t\t\t<dd class='wp-caption-text gallery-caption' id='gallery-3-1689'>\n\t\t\t\tScuola Elementare G. Marcon\n\t\t\t\t<\/dd><\/dl>\n\t\t\t<br style='clear: both' \/>\n\t\t<\/div>\n\n<h3><\/h3>\n<h3><span style=\"text-decoration: underline;\">CONTATTI<\/span><\/h3>\n<p>UILDM Venezia Onlus<\/p>\n<p>Via Felice Orsini 11<\/p>\n<p>30175 Marghera\u00a0 Venezia<\/p>\n<p>Tel. 041935778<\/p>\n<p>Fax 0415382118<\/p>\n<p>E-mail: <a href=\"mailto:uildmve@uildmve.it\">uildmve@uildmve.it<\/a><\/p>\n<p>&nbsp;<\/p>\n<p>&nbsp;<\/p>\n<p style=\"text-align: center;\">\n","protected":false},"excerpt":{"rendered":"<p>A RUOTA LIBERA Incontro con la diversit\u00e0 A RUOTA LIBERA \u00e8 un progetto educativo\/emotivo realizzato da persone disabili e rivolto agli studenti delle scuole superiori di primo grado. Viene proposto&#8230; <a class=\"read-more-link\" href=\"https:\/\/www.uildmve.org\/index.php\/formazione\/\">Read more &raquo;<\/a><\/p>\n","protected":false},"author":1,"featured_media":0,"parent":0,"menu_order":0,"comment_status":"closed","ping_status":"closed","template":"","meta":{"footnotes":""},"class_list":["post-1480","page","type-page","status-publish","hentry"],"_links":{"self":[{"href":"https:\/\/www.uildmve.org\/index.php\/wp-json\/wp\/v2\/pages\/1480","targetHints":{"allow":["GET"]}}],"collection":[{"href":"https:\/\/www.uildmve.org\/index.php\/wp-json\/wp\/v2\/pages"}],"about":[{"href":"https:\/\/www.uildmve.org\/index.php\/wp-json\/wp\/v2\/types\/page"}],"author":[{"embeddable":true,"href":"https:\/\/www.uildmve.org\/index.php\/wp-json\/wp\/v2\/users\/1"}],"replies":[{"embeddable":true,"href":"https:\/\/www.uildmve.org\/index.php\/wp-json\/wp\/v2\/comments?post=1480"}],"version-history":[{"count":15,"href":"https:\/\/www.uildmve.org\/index.php\/wp-json\/wp\/v2\/pages\/1480\/revisions"}],"predecessor-version":[{"id":2411,"href":"https:\/\/www.uildmve.org\/index.php\/wp-json\/wp\/v2\/pages\/1480\/revisions\/2411"}],"wp:attachment":[{"href":"https:\/\/www.uildmve.org\/index.php\/wp-json\/wp\/v2\/media?parent=1480"}],"curies":[{"name":"wp","href":"https:\/\/api.w.org\/{rel}","templated":true}]}}