{"id":2337,"date":"2018-05-25T09:45:36","date_gmt":"2018-05-25T07:45:36","guid":{"rendered":"http:\/\/www.uildmve.org\/?page_id=2337"},"modified":"2025-05-09T21:02:38","modified_gmt":"2025-05-09T19:02:38","slug":"home","status":"publish","type":"page","link":"https:\/\/www.uildmve.org\/","title":{"rendered":"Notizie"},"content":{"rendered":"<p style=\"text-align: center;\">[metaslider id=384]<\/p>\n<p style=\"text-align: center;\"><a href=\"http:\/\/www.uildmve.org\/index.php\/scarossando\/\">http:\/\/www.uildmve.org\/index.php\/scarossando\/<\/a><\/p>\n<h2 style=\"text-align: center;\">VUOI SOSTENERCI?<\/h2>\n<p>Fai click su uno dei seguenti link, e scopri come aiutarci.<\/p>\n<ul>\n<li><a href=\"http:\/\/www.uildmve.org\/index.php\/dona-ora\/\">DONA ORA<\/a><\/li>\n<li><a href=\"http:\/\/www.uildmve.org\/index.php\/diventa-socio\/\">DIVENTA SOCIO<\/a><\/li>\n<li><a href=\"http:\/\/www.uildmve.org\/index.php\/5x1000\/\">IL TUO 5X1000 A UILDM VENEZIA<\/a><\/li>\n<li><a href=\"http:\/\/www.uildmve.org\/index.php\/unisciti-a-noi\/\">DIVENTA VOLONTARIO<\/a><\/li>\n<\/ul>\n<p>________________________________________________________________________________<a href=\"https:\/\/www.uildmve.org\/wp-content\/uploads\/2018\/05\/Storia_3.jpg\" rel=\"attachment wp-att-2716\"><img loading=\"lazy\" decoding=\"async\" class=\"aligncenter size-large wp-image-2716\" src=\"https:\/\/www.uildmve.org\/wp-content\/uploads\/2018\/05\/Storia_3-576x1024.jpg\" alt=\"Storia_3\" width=\"576\" height=\"1024\" srcset=\"https:\/\/www.uildmve.org\/wp-content\/uploads\/2018\/05\/Storia_3-576x1024.jpg 576w, https:\/\/www.uildmve.org\/wp-content\/uploads\/2018\/05\/Storia_3-169x300.jpg 169w, https:\/\/www.uildmve.org\/wp-content\/uploads\/2018\/05\/Storia_3-768x1365.jpg 768w, https:\/\/www.uildmve.org\/wp-content\/uploads\/2018\/05\/Storia_3-624x1109.jpg 624w, https:\/\/www.uildmve.org\/wp-content\/uploads\/2018\/05\/Storia_3.jpg 1200w\" sizes=\"auto, (max-width: 576px) 100vw, 576px\" \/><\/a> <a href=\"https:\/\/www.uildmve.org\/wp-content\/uploads\/2018\/05\/Screenshot-2024-01-20-alle-19.12.30.png\" rel=\"attachment wp-att-2717\"><img loading=\"lazy\" decoding=\"async\" class=\"aligncenter size-full wp-image-2717\" src=\"https:\/\/www.uildmve.org\/wp-content\/uploads\/2018\/05\/Screenshot-2024-01-20-alle-19.12.30.png\" alt=\"Screenshot 2024-01-20 alle 19.12.30\" width=\"709\" height=\"396\" srcset=\"https:\/\/www.uildmve.org\/wp-content\/uploads\/2018\/05\/Screenshot-2024-01-20-alle-19.12.30.png 709w, https:\/\/www.uildmve.org\/wp-content\/uploads\/2018\/05\/Screenshot-2024-01-20-alle-19.12.30-300x168.png 300w, https:\/\/www.uildmve.org\/wp-content\/uploads\/2018\/05\/Screenshot-2024-01-20-alle-19.12.30-624x349.png 624w\" sizes=\"auto, (max-width: 709px) 100vw, 709px\" \/><\/a>________________________________________________________________________________<\/p>\n<p><a href=\"https:\/\/www.uildmve.org\/wp-content\/uploads\/2018\/05\/WhatsApp-Image-2023-10-09-at-19.18.52.jpeg\" rel=\"attachment wp-att-2712\"><img loading=\"lazy\" decoding=\"async\" class=\"aligncenter size-large wp-image-2712\" src=\"https:\/\/www.uildmve.org\/wp-content\/uploads\/2018\/05\/WhatsApp-Image-2023-10-09-at-19.18.52-724x1024.jpeg\" alt=\"WhatsApp Image 2023-10-09 at 19.18.52\" width=\"625\" height=\"884\" srcset=\"https:\/\/www.uildmve.org\/wp-content\/uploads\/2018\/05\/WhatsApp-Image-2023-10-09-at-19.18.52-724x1024.jpeg 724w, https:\/\/www.uildmve.org\/wp-content\/uploads\/2018\/05\/WhatsApp-Image-2023-10-09-at-19.18.52-212x300.jpeg 212w, https:\/\/www.uildmve.org\/wp-content\/uploads\/2018\/05\/WhatsApp-Image-2023-10-09-at-19.18.52-768x1086.jpeg 768w, https:\/\/www.uildmve.org\/wp-content\/uploads\/2018\/05\/WhatsApp-Image-2023-10-09-at-19.18.52-624x883.jpeg 624w, https:\/\/www.uildmve.org\/wp-content\/uploads\/2018\/05\/WhatsApp-Image-2023-10-09-at-19.18.52.jpeg 1414w\" sizes=\"auto, (max-width: 625px) 100vw, 625px\" \/><\/a>Saremo presenti all&#8217;evento &#8220;<strong>Corri per Monica<\/strong>&#8221; un percorso di 4 giri di 2,5 km.Ci troviamo alle ore 8:10 per raccogliere le iscrizioni: il costo di partecipazione \u00e8 di 3\u20ac con ristoro incluso, bambini ingresso gratuito.<\/p>\n<div class=\"default-style\">Parte del ricavato sar\u00e0 devoluto a UILDM.<\/div>\n<div class=\"default-style\">\n<div class=\"default-style\" dir=\"auto\"><strong>Vi chiediamo di darci conferma entro il 23 di ottobre al numero whatsapp 3911862346 o rispondendo a questa mail.<\/strong><\/div>\n<\/div>\n<p>________________________________________________________________________________<\/p>\n<p><a href=\"https:\/\/www.uildmve.org\/wp-content\/uploads\/2023\/09\/WhatsApp-Image-2023-09-29-at-13.43.24.jpeg\" rel=\"attachment wp-att-2709\"><img loading=\"lazy\" decoding=\"async\" class=\"aligncenter size-large wp-image-2709\" src=\"https:\/\/www.uildmve.org\/wp-content\/uploads\/2023\/09\/WhatsApp-Image-2023-09-29-at-13.43.24-615x1024.jpeg\" alt=\"WhatsApp Image 2023-09-29 at 13.43.24\" width=\"615\" height=\"1024\" srcset=\"https:\/\/www.uildmve.org\/wp-content\/uploads\/2023\/09\/WhatsApp-Image-2023-09-29-at-13.43.24-615x1024.jpeg 615w, https:\/\/www.uildmve.org\/wp-content\/uploads\/2023\/09\/WhatsApp-Image-2023-09-29-at-13.43.24-180x300.jpeg 180w, https:\/\/www.uildmve.org\/wp-content\/uploads\/2023\/09\/WhatsApp-Image-2023-09-29-at-13.43.24-768x1279.jpeg 768w, https:\/\/www.uildmve.org\/wp-content\/uploads\/2023\/09\/WhatsApp-Image-2023-09-29-at-13.43.24-624x1039.jpeg 624w, https:\/\/www.uildmve.org\/wp-content\/uploads\/2023\/09\/WhatsApp-Image-2023-09-29-at-13.43.24.jpeg 1053w\" sizes=\"auto, (max-width: 615px) 100vw, 615px\" \/><\/a>________________________________________________________________________________<\/p>\n<h1>Richiedi il Servizio di trasporto!<\/h1>\n<p>Dal 1 settembre per usufruire del servizio di trasporto con UILDM VENEZIA ODV,<br \/>\nbisogner\u00e0 effettuare una richiesta tramite:<br \/>\n<strong>e-mail: trasporti@uildmve.it<\/strong><br \/>\n<strong> messaggio wathsapp: 391 186 2346<\/strong><br \/>\nLa richiesta sar\u00e0 oggetto di valutazione e di conferma <em><strong>Sar\u00e0 necessaria la preventiva sottoscrizione della liberatoria<\/strong><\/em> per il servizio, che potr\u00e0 essere trasmessa a: trasporti@uildmve.it<br \/>\nEssendo il servizio gestito gratuitamente e da personale volontario UILDM VENEZIA ODV potr\u00e0 continuare nella sua operasolo grazie al sostegno delle donazioni di tutti.<br \/>\nTi invitiamo a sostenere con generosit\u00e0 questo prezioso progetto di cui tu sei parte:<br \/>\n\u27a2 con una donazione IBAN IT88U0306909606100000014941<br \/>\n\u27a2 con il 5 per 1000: codice fiscale 80011140276<br \/>\n\u27a2 sensibilizzando amici e familiari alla raccolta fondi<br \/>\n\u27a2 cercando autisti volontari per UILDM VENEZIA ODV<br \/>\n\u27a2 partecipando alle attivit\u00e0 della UILDM VENEZIA ODV<br \/>\n\u27a2 con un lascito testamentario<\/p>\n<p><a href=\"http:\/\/www.uildmve.org\/wp-content\/uploads\/2018\/05\/UildmLiberatoriaTrasporti2023.pdf\">Scarica e compila la liberatoria<\/a><br \/>\n<a href=\"http:\/\/www.uildmve.org\/wp-content\/uploads\/2023\/08\/Uildmvenezia-Privacy_REV1.pdf\">Scarica e compila la informativa privacy<\/a><\/p>\n<p>&nbsp;<\/p>\n<p>&nbsp;<\/p>\n<p>&nbsp;<\/p>\n<p>______________________________________________________________________________<\/p>\n<p><a href=\"https:\/\/www.uildmve.org\/wp-content\/uploads\/2018\/05\/PHOTO-2023-06-23-11-47-44.jpg\" rel=\"attachment wp-att-2697\"><img loading=\"lazy\" decoding=\"async\" class=\"aligncenter size-full wp-image-2697\" src=\"https:\/\/www.uildmve.org\/wp-content\/uploads\/2018\/05\/PHOTO-2023-06-23-11-47-44.jpg\" alt=\"PHOTO-2023-06-23-11-47-44\" width=\"940\" height=\"788\" srcset=\"https:\/\/www.uildmve.org\/wp-content\/uploads\/2018\/05\/PHOTO-2023-06-23-11-47-44.jpg 940w, https:\/\/www.uildmve.org\/wp-content\/uploads\/2018\/05\/PHOTO-2023-06-23-11-47-44-300x251.jpg 300w, https:\/\/www.uildmve.org\/wp-content\/uploads\/2018\/05\/PHOTO-2023-06-23-11-47-44-768x644.jpg 768w, https:\/\/www.uildmve.org\/wp-content\/uploads\/2018\/05\/PHOTO-2023-06-23-11-47-44-624x523.jpg 624w\" sizes=\"auto, (max-width: 940px) 100vw, 940px\" \/><\/a><\/p>\n<p>&nbsp;<\/p>\n<p>_______________________________________________________________________________<\/p>\n<h1><a href=\"http:\/\/www.uildmve.org\/wp-content\/uploads\/2018\/05\/5X1000-1.png\" rel=\"attachment wp-att-2679\"><img loading=\"lazy\" decoding=\"async\" class=\"aligncenter size-full wp-image-2679\" src=\"http:\/\/www.uildmve.org\/wp-content\/uploads\/2018\/05\/5X1000-1.png\" alt=\"5X1000 (1)\" width=\"940\" height=\"788\" srcset=\"https:\/\/www.uildmve.org\/wp-content\/uploads\/2018\/05\/5X1000-1.png 940w, https:\/\/www.uildmve.org\/wp-content\/uploads\/2018\/05\/5X1000-1-300x251.png 300w, https:\/\/www.uildmve.org\/wp-content\/uploads\/2018\/05\/5X1000-1-768x644.png 768w, https:\/\/www.uildmve.org\/wp-content\/uploads\/2018\/05\/5X1000-1-624x523.png 624w\" sizes=\"auto, (max-width: 940px) 100vw, 940px\" \/><\/a><\/h1>\n<div class=\"\" data-block=\"true\" data-editor=\"eejk4\" data-offset-key=\"4gg06-0-0\">\n<h1 class=\"_1mf _1mj\" data-offset-key=\"4gg06-0-0\"><span data-offset-key=\"4gg06-0-0\"><span data-text=\"true\">Aiutaci anche tu, basta solo una firma\u00a0<\/span><\/span><\/h1>\n<p class=\"_1mf _1mj\" data-offset-key=\"4gg06-0-0\">Scegli UILDM Venezia ODV per il tuo 5&#215;1000 .<\/p>\n<h2 class=\"_1mf _1mj\" data-offset-key=\"4gg06-0-0\">Codice: 80011140276<\/h2>\n<p>PASSAPAROLA<\/p>\n<\/div>\n<div class=\"_1mf _1mj\" data-offset-key=\"6go59-0-0\">\n<h2><span class=\"_5zk7\" spellcheck=\"false\" data-offset-key=\"4m3ks-0-0\"><span data-offset-key=\"4m3ks-0-0\"><span data-text=\"true\">#5&#215;1000<\/span><\/span><\/span> <span class=\"_5zk7\" spellcheck=\"false\" data-offset-key=\"4m3ks-2-0\"><span data-offset-key=\"4m3ks-2-0\"><span data-text=\"true\">#uildmveneziaodv<\/span><\/span><\/span><\/h2>\n<\/div>\n<h1><a href=\"http:\/\/www.uildmve.org\/wp-content\/uploads\/2023\/05\/348606272_6135571006519448_1842641818000059296_n.jpg\" rel=\"attachment wp-att-2672\"><img loading=\"lazy\" decoding=\"async\" class=\"aligncenter size-full wp-image-2672\" src=\"http:\/\/www.uildmve.org\/wp-content\/uploads\/2023\/05\/348606272_6135571006519448_1842641818000059296_n.jpg\" alt=\"348606272_6135571006519448_1842641818000059296_n\" width=\"940\" height=\"788\" srcset=\"https:\/\/www.uildmve.org\/wp-content\/uploads\/2023\/05\/348606272_6135571006519448_1842641818000059296_n.jpg 940w, https:\/\/www.uildmve.org\/wp-content\/uploads\/2023\/05\/348606272_6135571006519448_1842641818000059296_n-300x251.jpg 300w, https:\/\/www.uildmve.org\/wp-content\/uploads\/2023\/05\/348606272_6135571006519448_1842641818000059296_n-768x644.jpg 768w, https:\/\/www.uildmve.org\/wp-content\/uploads\/2023\/05\/348606272_6135571006519448_1842641818000059296_n-624x523.jpg 624w\" sizes=\"auto, (max-width: 940px) 100vw, 940px\" \/><\/a><\/h1>\n<p>Ci vediamo domenica 28 maggio a Marcon in via dello sport 12 zona impianti sportivi con il nostro banchetto e con un laboratorio sensoriale organizzato dalla nostra volontaria Sonia per tutti i ragazzi.<\/p>\n<h1 style=\"text-align: center;\"><\/h1>\n<h1 style=\"text-align: center;\"><a href=\"http:\/\/www.uildmve.org\/wp-content\/uploads\/2018\/05\/VUOI-IMPARARE-A-TRUCCARTI_page-0001.jpg\" rel=\"attachment wp-att-2656\"><img loading=\"lazy\" decoding=\"async\" class=\"aligncenter size-large wp-image-2656\" src=\"http:\/\/www.uildmve.org\/wp-content\/uploads\/2018\/05\/VUOI-IMPARARE-A-TRUCCARTI_page-0001-576x1024.jpg\" alt=\"VUOI IMPARARE A TRUCCARTI_page-0001\" width=\"576\" height=\"1024\" \/><\/a><\/h1>\n<h1 style=\"text-align: center;\"><\/h1>\n<h1 style=\"text-align: center;\"><\/h1>\n<h1 style=\"text-align: center;\"><\/h1>\n<h1 style=\"text-align: center;\"><\/h1>\n<h1 style=\"text-align: center;\"><a href=\"http:\/\/www.uildmve.org\/wp-content\/uploads\/2018\/05\/329898222_887225295943831_2338454486120741038_n.jpg\" rel=\"attachment wp-att-2640\"><img loading=\"lazy\" decoding=\"async\" class=\"aligncenter size-large wp-image-2640\" src=\"http:\/\/www.uildmve.org\/wp-content\/uploads\/2018\/05\/329898222_887225295943831_2338454486120741038_n-1024x724.jpg\" alt=\"329898222_887225295943831_2338454486120741038_n\" width=\"625\" height=\"442\" srcset=\"https:\/\/www.uildmve.org\/wp-content\/uploads\/2018\/05\/329898222_887225295943831_2338454486120741038_n-1024x724.jpg 1024w, https:\/\/www.uildmve.org\/wp-content\/uploads\/2018\/05\/329898222_887225295943831_2338454486120741038_n-300x212.jpg 300w, https:\/\/www.uildmve.org\/wp-content\/uploads\/2018\/05\/329898222_887225295943831_2338454486120741038_n-768x543.jpg 768w, https:\/\/www.uildmve.org\/wp-content\/uploads\/2018\/05\/329898222_887225295943831_2338454486120741038_n-624x441.jpg 624w, https:\/\/www.uildmve.org\/wp-content\/uploads\/2018\/05\/329898222_887225295943831_2338454486120741038_n.jpg 1599w\" sizes=\"auto, (max-width: 625px) 100vw, 625px\" \/><\/a><\/h1>\n<h1 style=\"text-align: center;\"><strong>Modulo per l&#8217;scrizione a SCAROSSANDO<\/strong><\/h1>\n<p>Ecco qui il modulo per l&#8217;scrizione di scarossando che si terr\u00e0 domenica 16 aprile dalle 9.30 alle 12:30 a Marcon presso il palazetto dello sport<br \/>\n<img loading=\"lazy\" decoding=\"async\" class=\"aligncenter size-large wp-image-2629\" src=\"http:\/\/www.uildmve.org\/wp-content\/uploads\/2023\/03\/Scheda-di-partecipazione-SCAROSSANDO_page-0001-724x1024.jpg\" alt=\"Scheda di partecipazione - SCAROSSANDO_page-0001\" width=\"625\" height=\"884\" srcset=\"https:\/\/www.uildmve.org\/wp-content\/uploads\/2023\/03\/Scheda-di-partecipazione-SCAROSSANDO_page-0001-724x1024.jpg 724w, https:\/\/www.uildmve.org\/wp-content\/uploads\/2023\/03\/Scheda-di-partecipazione-SCAROSSANDO_page-0001-212x300.jpg 212w, https:\/\/www.uildmve.org\/wp-content\/uploads\/2023\/03\/Scheda-di-partecipazione-SCAROSSANDO_page-0001-768x1086.jpg 768w, https:\/\/www.uildmve.org\/wp-content\/uploads\/2023\/03\/Scheda-di-partecipazione-SCAROSSANDO_page-0001-624x882.jpg 624w, https:\/\/www.uildmve.org\/wp-content\/uploads\/2023\/03\/Scheda-di-partecipazione-SCAROSSANDO_page-0001.jpg 1241w\" sizes=\"auto, (max-width: 625px) 100vw, 625px\" \/><\/p>\n<p>&nbsp;<\/p>\n<h2 style=\"text-align: center;\">ABBIAMO BISOGNO DEL TUO AIUTO<\/h2>\n<p><a href=\"http:\/\/www.uildmve.org\/wp-content\/uploads\/2018\/05\/Cattura.png\" rel=\"attachment wp-att-2543\"><img loading=\"lazy\" decoding=\"async\" class=\"size-full wp-image-2543 aligncenter\" src=\"http:\/\/www.uildmve.org\/wp-content\/uploads\/2018\/05\/Cattura.png\" alt=\"Trasporto di Comunit\u00e0\" width=\"616\" height=\"875\" srcset=\"https:\/\/www.uildmve.org\/wp-content\/uploads\/2018\/05\/Cattura.png 616w, https:\/\/www.uildmve.org\/wp-content\/uploads\/2018\/05\/Cattura-211x300.png 211w\" sizes=\"auto, (max-width: 616px) 100vw, 616px\" \/><\/a><\/p>\n<p style=\"font-weight: 400; text-align: center;\">UILDM Venezia, associazione di volontariato della provincia di Venezia, gestisce un centro<br \/>\nmedico sociale dove oltre 500 persone con disabilit\u00e0 vengono per svolgere attivit\u00e0 riabilitative e<br \/>\nsociali. L&#8217;Associazione dispone di 4 mezzi attrezzati con pedane e agganci per carrozzine, che sono<br \/>\nutilizzati per trasportare gratuitamente le persone per poter accedere al Centro Medico.<\/p>\n<p style=\"font-weight: 400; text-align: center;\">Questa attivit\u00e0 ha bisogno di autisti che abbiano voglia di dare una mano. Siamo finanziati per la<br \/>\nparte formativa grazie al nostro Progetto &#8220;Trasporto di Comunit\u00e0 &#8211; Per un volontario consapevole e<br \/>\nformato alla guida della comunit\u00e0&#8221; finanziato dalla Regione Veneto con risorse Statali del Ministero<br \/>\ndel lavoro e delle Politiche sociale a valere sul Fondo di cu all&#8217;art. 72 del D.Lgs. 117\/17. Questo ci<br \/>\npermette di poter riconoscere dei rimborsi chilometrici.<\/p>\n<p style=\"font-weight: 400; text-align: center;\">E\u2019 un gesto di solidariet\u00e0 per persone con disabilit\u00e0 che non hanno nessuna possibilit\u00e0 di venire con<br \/>\nmezzi propri e non dispongono di una rete famigliare che li possa sostenere.<\/p>\n<p style=\"font-weight: 400; text-align: center;\">Se vuoi dare una mano e fare del bene per la nostra comunit\u00e0 contattaci al numero 041 935778, al numero di<br \/>\ncellulare 391 1862346 e all&#8217;indirizzo email <a href=\"mailto:uildmve@uildmve.it\">uildmve@uildmve.it<\/a>.<\/p>\n","protected":false},"excerpt":{"rendered":"<p>[metaslider id=384] http:\/\/www.uildmve.org\/index.php\/scarossando\/ VUOI SOSTENERCI? Fai click su uno dei seguenti link, e scopri come aiutarci. DONA ORA DIVENTA SOCIO IL TUO 5X1000 A UILDM VENEZIA DIVENTA VOLONTARIO ________________________________________________________________________________ ________________________________________________________________________________&#8230; <a class=\"read-more-link\" href=\"https:\/\/www.uildmve.org\/\">Read more &raquo;<\/a><\/p>\n","protected":false},"author":1,"featured_media":0,"parent":46,"menu_order":0,"comment_status":"closed","ping_status":"closed","template":"","meta":{"footnotes":""},"class_list":["post-2337","page","type-page","status-publish","hentry"],"_links":{"self":[{"href":"https:\/\/www.uildmve.org\/index.php\/wp-json\/wp\/v2\/pages\/2337","targetHints":{"allow":["GET"]}}],"collection":[{"href":"https:\/\/www.uildmve.org\/index.php\/wp-json\/wp\/v2\/pages"}],"about":[{"href":"https:\/\/www.uildmve.org\/index.php\/wp-json\/wp\/v2\/types\/page"}],"author":[{"embeddable":true,"href":"https:\/\/www.uildmve.org\/index.php\/wp-json\/wp\/v2\/users\/1"}],"replies":[{"embeddable":true,"href":"https:\/\/www.uildmve.org\/index.php\/wp-json\/wp\/v2\/comments?post=2337"}],"version-history":[{"count":58,"href":"https:\/\/www.uildmve.org\/index.php\/wp-json\/wp\/v2\/pages\/2337\/revisions"}],"predecessor-version":[{"id":3546,"href":"https:\/\/www.uildmve.org\/index.php\/wp-json\/wp\/v2\/pages\/2337\/revisions\/3546"}],"up":[{"embeddable":true,"href":"https:\/\/www.uildmve.org\/index.php\/wp-json\/wp\/v2\/pages\/46"}],"wp:attachment":[{"href":"https:\/\/www.uildmve.org\/index.php\/wp-json\/wp\/v2\/media?parent=2337"}],"curies":[{"name":"wp","href":"https:\/\/api.w.org\/{rel}","templated":true}]}}