{"id":641,"date":"2016-07-11T14:47:40","date_gmt":"2016-07-11T12:47:40","guid":{"rendered":"http:\/\/www.uildmve.org\/?page_id=641"},"modified":"2022-06-29T11:03:04","modified_gmt":"2022-06-29T09:03:04","slug":"mission","status":"publish","type":"page","link":"https:\/\/www.uildmve.org\/index.php\/chi-siamo\/mission\/","title":{"rendered":"Mission"},"content":{"rendered":"<p style=\"text-align: center;\">L\u2019Associazione, nata nel 1967, non ha scopo di lucro e persegue esclusivamente finalit\u00e0 di solidariet\u00e0 sociale con l\u2019obiettivo di promuovere ogni iniziativa utile e necessaria per soddisfare i bisogni delle persone con disabilit\u00e0 e delle loro famiglie. Opera per rimuovere gli ostacoli di ordine materiale, sociale, economico, culturale e politico che, di fatto, limitano il pieno rispetto della dignit\u00e0 umana e i diritti di autonomia delle persone con disabilit\u00e0 ed impediscono il pieno sviluppo della loro personalit\u00e0 e la loro piena partecipazione alle attivit\u00e0 sociali, culturali, economiche e politiche.<\/p>\n<p style=\"text-align: center;\">Per il proseguimento delle proprie finalit\u00e0 l\u2019Associazione pu\u00f2 promuovere la costituzione di soggetti giuridici che hanno per scopo l\u2019erogazione di servizi sociali, scopo assistenziali, socio-sanitari e culturali ovvero servizi, iniziative e attivit\u00e0 che attengono alle finalit\u00e0 di cui sopra.<\/p>\n<p style=\"text-align: center;\">L\u2019organizzazione sociale opera nel territorio della Regione Veneto.<\/p>\n<p>&nbsp;<\/p>\n<p><a href=\"http:\/\/www.uildmve.org\/wp-content\/uploads\/2016\/07\/Untitled-collage.jpg\" rel=\"attachment wp-att-2216\"><img loading=\"lazy\" decoding=\"async\" class=\"aligncenter wp-image-2216\" src=\"http:\/\/www.uildmve.org\/wp-content\/uploads\/2016\/07\/Untitled-collage.jpg\" alt=\"Untitled collage\" width=\"430\" height=\"430\" srcset=\"https:\/\/www.uildmve.org\/wp-content\/uploads\/2016\/07\/Untitled-collage.jpg 2000w, https:\/\/www.uildmve.org\/wp-content\/uploads\/2016\/07\/Untitled-collage-150x150.jpg 150w, https:\/\/www.uildmve.org\/wp-content\/uploads\/2016\/07\/Untitled-collage-300x300.jpg 300w, https:\/\/www.uildmve.org\/wp-content\/uploads\/2016\/07\/Untitled-collage-768x768.jpg 768w, https:\/\/www.uildmve.org\/wp-content\/uploads\/2016\/07\/Untitled-collage-1024x1024.jpg 1024w\" sizes=\"auto, (max-width: 430px) 100vw, 430px\" \/><\/a><\/p>\n<p>&nbsp;<\/p>\n<p>&nbsp;<\/p>\n<p>&nbsp;<\/p>\n<p>&nbsp;<\/p>\n<p>&nbsp;<\/p>\n<p>&nbsp;<\/p>\n","protected":false},"excerpt":{"rendered":"<p>L\u2019Associazione, nata nel 1967, non ha scopo di lucro e persegue esclusivamente finalit\u00e0 di solidariet\u00e0 sociale con l\u2019obiettivo di promuovere ogni iniziativa utile e necessaria per soddisfare i bisogni delle&#8230; <a class=\"read-more-link\" href=\"https:\/\/www.uildmve.org\/index.php\/chi-siamo\/mission\/\">Read more &raquo;<\/a><\/p>\n","protected":false},"author":1,"featured_media":0,"parent":46,"menu_order":0,"comment_status":"closed","ping_status":"closed","template":"","meta":{"footnotes":""},"class_list":["post-641","page","type-page","status-publish","hentry"],"_links":{"self":[{"href":"https:\/\/www.uildmve.org\/index.php\/wp-json\/wp\/v2\/pages\/641","targetHints":{"allow":["GET"]}}],"collection":[{"href":"https:\/\/www.uildmve.org\/index.php\/wp-json\/wp\/v2\/pages"}],"about":[{"href":"https:\/\/www.uildmve.org\/index.php\/wp-json\/wp\/v2\/types\/page"}],"author":[{"embeddable":true,"href":"https:\/\/www.uildmve.org\/index.php\/wp-json\/wp\/v2\/users\/1"}],"replies":[{"embeddable":true,"href":"https:\/\/www.uildmve.org\/index.php\/wp-json\/wp\/v2\/comments?post=641"}],"version-history":[{"count":7,"href":"https:\/\/www.uildmve.org\/index.php\/wp-json\/wp\/v2\/pages\/641\/revisions"}],"predecessor-version":[{"id":2576,"href":"https:\/\/www.uildmve.org\/index.php\/wp-json\/wp\/v2\/pages\/641\/revisions\/2576"}],"up":[{"embeddable":true,"href":"https:\/\/www.uildmve.org\/index.php\/wp-json\/wp\/v2\/pages\/46"}],"wp:attachment":[{"href":"https:\/\/www.uildmve.org\/index.php\/wp-json\/wp\/v2\/media?parent=641"}],"curies":[{"name":"wp","href":"https:\/\/api.w.org\/{rel}","templated":true}]}}